{"id":4688,"date":"2018-01-15T09:40:33","date_gmt":"2018-01-15T09:40:33","guid":{"rendered":"http:\/\/www.copiarte.es\/?page_id=4688"},"modified":"2018-02-13T19:00:49","modified_gmt":"2018-02-13T19:00:49","slug":"bolsa-de-apuntes","status":"publish","type":"page","link":"https:\/\/copiarte.es\/?page_id=4688","title":{"rendered":"Bolsa de apuntes"},"content":{"rendered":"<div class=\"vc-parent-row row-default\"><div class=\"vc_row wpb_row vc_row-fluid\"><div class=\"wpb_column vc_column_container vc_col-sm-12\"><div class=\"vc_column-inner \"><div class=\"wpb_wrapper\"><div class=\"section-title  vc_custom_1517659871448\">\n\t<H2>Mejora tus resultados acad\u00e9micos <\/H2>\n\t<p>Ofrecemos documentos ordenados y de calidad para estudiantes<\/p>\n<\/div><div class=\"section-title  vc_custom_1517660060419\">\n\t<H2>Facultades<\/H2>\n\t<p>Asignaturas de grados disponibles<\/p>\n<\/div><\/div><\/div><\/div><\/div><\/div><div class=\"vc-parent-row row-default\"><div class=\"vc_row wpb_row vc_row-fluid\"><div class=\"wpb_column vc_column_container vc_col-sm-12\"><div class=\"vc_column-inner \"><div class=\"wpb_wrapper\">\n\t<div  class=\"wpb_single_image wpb_content_element vc_align_center\">\n\t\t\n\t\t<figure class=\"wpb_wrapper vc_figure\">\n\t\t\t<div class=\"vc_single_image-wrapper   vc_box_border_grey\"><img width=\"3168\" height=\"752\" src=\"https:\/\/copiarte.es\/wp-content\/uploads\/2017\/11\/2-1.jpg\" class=\"vc_single_image-img attachment-full\" alt=\"\" loading=\"lazy\" srcset=\"https:\/\/copiarte.es\/wp-content\/uploads\/2017\/11\/2-1.jpg 3168w, https:\/\/copiarte.es\/wp-content\/uploads\/2017\/11\/2-1-300x71.jpg 300w, https:\/\/copiarte.es\/wp-content\/uploads\/2017\/11\/2-1-768x182.jpg 768w, https:\/\/copiarte.es\/wp-content\/uploads\/2017\/11\/2-1-1024x243.jpg 1024w, https:\/\/copiarte.es\/wp-content\/uploads\/2017\/11\/2-1-1612x383.jpg 1612w, https:\/\/copiarte.es\/wp-content\/uploads\/2017\/11\/2-1-1116x265.jpg 1116w, https:\/\/copiarte.es\/wp-content\/uploads\/2017\/11\/2-1-806x191.jpg 806w, https:\/\/copiarte.es\/wp-content\/uploads\/2017\/11\/2-1-558x132.jpg 558w, https:\/\/copiarte.es\/wp-content\/uploads\/2017\/11\/2-1-655x155.jpg 655w\" sizes=\"(max-width: 3168px) 100vw, 3168px\" \/><\/div>\n\t\t<\/figure>\n\t<\/div>\n<\/div><\/div><\/div><\/div><\/div><div class=\"vc-parent-row row-default vc_custom_1517661674189\"><div class=\"vc_row wpb_row vc_row-fluid\"><div class=\"wpb_column vc_column_container vc_col-sm-6\"><div class=\"vc_column-inner \"><div class=\"wpb_wrapper\">\n\t<div class=\"wpb_raw_code wpb_content_element wpb_raw_html\" >\n\t\t<div class=\"wpb_wrapper\">\n\t\t\t<h4>Facultad de Educaci\u00f3n<\/h4>\n<p> <i class=\"vc_btn3-icon fa fa-check\"><\/i> Grado en Infantil<\/p>\n<p> <i class=\"vc_btn3-icon fa fa-check\"><\/i> Grado en Primaria<\/p>\n<p>  <i class=\"vc_btn3-icon fa fa-check\"><\/i> Grado en Pedagog\u00eda<\/p>\n<p> <i class=\"vc_btn3-icon fa fa-check\"><\/i> Grado en GCAFD<\/p>\n\n\n\t\t<\/div>\n\t<\/div>\n<div class=\"vc_btn3-container vc_btn3-inline vc_custom_1517661959396\" >\n\t<a class=\"vc_general vc_btn3 vc_btn3-size-md vc_btn3-shape-round vc_btn3-style-modern vc_btn3-icon-right vc_btn3-color-primary\" href=\"http:\/\/copiarte.es\/?page_id=5082\" title=\"\">Acceder  <i class=\"vc_btn3-icon fa fa-sign-in\"><\/i><\/a><\/div>\n<\/div><\/div><\/div><div class=\"wpb_column vc_column_container vc_col-sm-6\"><div class=\"vc_column-inner \"><div class=\"wpb_wrapper\">\n\t<div class=\"wpb_raw_code wpb_content_element wpb_raw_html\" >\n\t\t<div class=\"wpb_wrapper\">\n\t\t\t<h4>Facultad de Econ\u00f3micas<\/h4>\n<p> <i class=\"vc_btn3-icon fa fa-check\"><\/i> Grado en A.D.E<\/p>\n<p> <i class=\"vc_btn3-icon fa fa-check\"><\/i> Grado en Derecho y A.D.E<\/p>\n<p> <i class=\"vc_btn3-icon fa fa-check\"><\/i> Grado en Econom\u00eda y Derecho<\/p>\n<p> <i class=\"vc_btn3-icon fa fa-check\"><\/i> Grado en Econom\u00eda<\/p>\n<p> <i class=\"vc_btn3-icon fa fa-check\"><\/i> Grado en Marketing<\/p>\n\n\t\t<\/div>\n\t<\/div>\n<div class=\"vc_btn3-container vc_btn3-inline vc_custom_1517662000060\" >\n\t<a class=\"vc_general vc_btn3 vc_btn3-size-md vc_btn3-shape-round vc_btn3-style-modern vc_btn3-icon-right vc_btn3-color-primary\" href=\"http:\/\/copiarte.es\/?page_id=4980\" title=\"\">Acceder  <i class=\"vc_btn3-icon fa fa-sign-in\"><\/i><\/a><\/div>\n<\/div><\/div><\/div><\/div><\/div>\n","protected":false},"excerpt":{"rendered":"Mejora tus resultados acad\u00e9micos Ofrecemos documentos ordenados y de calidad para estudiantes Facultades Asignaturas de grados disponibles Facultad de Educaci\u00f3n Grado en Infantil Grado en Primaria Grado en Pedagog\u00eda Grado en GCAFD Acceder Facultad de Econ\u00f3micas Grado en A.D.E Grado en Derecho y A.D.E Grado en Econom\u00eda y Derecho Grado en Econom\u00eda Grado en Marketing&hellip;","protected":false},"author":1,"featured_media":0,"parent":0,"menu_order":0,"comment_status":"closed","ping_status":"closed","template":"","meta":[],"acf":[],"_links":{"self":[{"href":"https:\/\/copiarte.es\/index.php?rest_route=\/wp\/v2\/pages\/4688"}],"collection":[{"href":"https:\/\/copiarte.es\/index.php?rest_route=\/wp\/v2\/pages"}],"about":[{"href":"https:\/\/copiarte.es\/index.php?rest_route=\/wp\/v2\/types\/page"}],"author":[{"embeddable":true,"href":"https:\/\/copiarte.es\/index.php?rest_route=\/wp\/v2\/users\/1"}],"replies":[{"embeddable":true,"href":"https:\/\/copiarte.es\/index.php?rest_route=%2Fwp%2Fv2%2Fcomments&post=4688"}],"version-history":[{"count":28,"href":"https:\/\/copiarte.es\/index.php?rest_route=\/wp\/v2\/pages\/4688\/revisions"}],"predecessor-version":[{"id":5113,"href":"https:\/\/copiarte.es\/index.php?rest_route=\/wp\/v2\/pages\/4688\/revisions\/5113"}],"wp:attachment":[{"href":"https:\/\/copiarte.es\/index.php?rest_route=%2Fwp%2Fv2%2Fmedia&parent=4688"}],"curies":[{"name":"wp","href":"https:\/\/api.w.org\/{rel}","templated":true}]}}