{"id":5414,"date":"2018-09-24T08:58:41","date_gmt":"2018-09-24T08:58:41","guid":{"rendered":"http:\/\/copiarte.es\/?page_id=5414"},"modified":"2024-09-09T08:01:56","modified_gmt":"2024-09-09T08:01:56","slug":"apuntes-anos-anteriores","status":"publish","type":"page","link":"https:\/\/copiarte.es\/?page_id=5414","title":{"rendered":"Apuntes a\u00f1os anteriores"},"content":{"rendered":"<div class=\"vc-parent-row row-default vc_custom_1632206233774\"><div class=\"vc_row wpb_row vc_row-fluid\"><div class=\"wpb_column vc_column_container vc_col-sm-12\"><div class=\"vc_column-inner \"><div class=\"wpb_wrapper\">\n\t<div class=\"wpb_raw_code wpb_content_element wpb_raw_html\" >\n\t\t<div class=\"wpb_wrapper\">\n\t\t\t<div align=\"center\" style=\"margin-bottom:40px\">\n<h3>Apuntes a\u00f1os anteriores<\/h3><\/div>\n\t\t<\/div>\n\t<\/div>\n\n\t<div  class=\"wpb_single_image wpb_content_element vc_align_center   imagen24\">\n\t\t\n\t\t<figure class=\"wpb_wrapper vc_figure\">\n\t\t\t<div class=\"vc_single_image-wrapper   vc_box_border_grey\"><img width=\"715\" height=\"147\" src=\"https:\/\/copiarte.es\/wp-content\/uploads\/2024\/09\/2023-2024anteriores.jpg\" class=\"vc_single_image-img attachment-full\" alt=\"\" loading=\"lazy\" \/><\/div>\n\t\t<\/figure>\n\t<\/div>\n<\/div><\/div><\/div><div class=\"wpb_column vc_column_container vc_col-sm-4\"><div class=\"vc_column-inner \"><div class=\"wpb_wrapper\">\n\t<div class=\"wpb_raw_code wpb_content_element wpb_raw_html\" >\n\t\t<div class=\"wpb_wrapper\">\n\t\t\t<h3 style=\"color:#858a99;text-align:center;\"> Turismo<\/h3>\n\t\t<\/div>\n\t<\/div>\n<div class=\"vc_btn3-container vc_btn3-center\" >\n\t<a class=\"vc_general vc_btn3 vc_btn3-size-md vc_btn3-shape-round vc_btn3-style-classic vc_btn3-icon-left vc_btn3-color-primary\" href=\"https:\/\/copiarte.es\/?page_id=6443\" title=\"\"><i class=\"vc_btn3-icon fa fa-file-pdf-o\"><\/i> Ver temario<\/a><\/div>\n<\/div><\/div><\/div><div class=\"wpb_column vc_column_container vc_col-sm-4\"><div class=\"vc_column-inner \"><div class=\"wpb_wrapper\">\n\t<div class=\"wpb_raw_code wpb_content_element wpb_raw_html\" >\n\t\t<div class=\"wpb_wrapper\">\n\t\t\t<h3 style=\"color:#858a99;text-align:center;\"> Ciencias Econ\u00f3micas\n<\/h3>\n\t\t<\/div>\n\t<\/div>\n<div class=\"vc_btn3-container vc_btn3-center\" >\n\t<a class=\"vc_general vc_btn3 vc_btn3-size-md vc_btn3-shape-round vc_btn3-style-classic vc_btn3-icon-left vc_btn3-color-primary\" href=\"https:\/\/copiarte.es\/?page_id=6380\" title=\"Educaci\u00f3n 21\/22\"><i class=\"vc_btn3-icon fa fa-file-pdf-o\"><\/i> Ver temario<\/a><\/div>\n<\/div><\/div><\/div><div class=\"wpb_column vc_column_container vc_col-sm-4\"><div class=\"vc_column-inner \"><div class=\"wpb_wrapper\">\n\t<div class=\"wpb_raw_code wpb_content_element wpb_raw_html\" >\n\t\t<div class=\"wpb_wrapper\">\n\t\t\t<h3 style=\"color:#858a99;text-align:center;\"> Ciencias de la Educaci\u00f3n\n<\/h3>\n\t\t<\/div>\n\t<\/div>\n<div class=\"vc_btn3-container vc_btn3-center\" >\n\t<a class=\"vc_general vc_btn3 vc_btn3-size-md vc_btn3-shape-round vc_btn3-style-classic vc_btn3-icon-left vc_btn3-color-primary\" href=\"https:\/\/copiarte.es\/?page_id=6421\" title=\"Educaci\u00f3n 21\/22\"><i class=\"vc_btn3-icon fa fa-file-pdf-o\"><\/i> Ver temario<\/a><\/div>\n<\/div><\/div><\/div><\/div><\/div><div class=\"vc-parent-row row-default vc_custom_1632206233774\"><div class=\"vc_row wpb_row vc_row-fluid\"><div class=\"wpb_column vc_column_container vc_col-sm-12\"><div class=\"vc_column-inner \"><div class=\"wpb_wrapper\">\n\t<div class=\"wpb_raw_code wpb_content_element wpb_raw_html\" >\n\t\t<div class=\"wpb_wrapper\">\n\t\t\t<div align=\"center\" style=\"margin-bottom:40px\">\n<h3>Apuntes a\u00f1os anteriores<\/h3><\/div>\n\t\t<\/div>\n\t<\/div>\n\n\t<div  class=\"wpb_single_image wpb_content_element vc_align_center   imagen24\">\n\t\t\n\t\t<figure class=\"wpb_wrapper vc_figure\">\n\t\t\t<div class=\"vc_single_image-wrapper   vc_box_border_grey\"><img width=\"715\" height=\"147\" src=\"https:\/\/copiarte.es\/wp-content\/uploads\/2023\/08\/2023anteriores.png\" class=\"vc_single_image-img attachment-full\" alt=\"\" loading=\"lazy\" \/><\/div>\n\t\t<\/figure>\n\t<\/div>\n<\/div><\/div><\/div><div class=\"wpb_column vc_column_container vc_col-sm-2\"><div class=\"vc_column-inner \"><div class=\"wpb_wrapper\"><\/div><\/div><\/div><div class=\"wpb_column vc_column_container vc_col-sm-4\"><div class=\"vc_column-inner \"><div class=\"wpb_wrapper\">\n\t<div class=\"wpb_raw_code wpb_content_element wpb_raw_html\" >\n\t\t<div class=\"wpb_wrapper\">\n\t\t\t<h3 style=\"color:#858a99;text-align:center;\"> Ciencias Econ\u00f3micas<\/h3>\n\t\t<\/div>\n\t<\/div>\n<div class=\"vc_btn3-container vc_btn3-center\" >\n\t<a class=\"vc_general vc_btn3 vc_btn3-size-md vc_btn3-shape-round vc_btn3-style-classic vc_btn3-icon-left vc_btn3-color-primary\" href=\"https:\/\/copiarte.es\/?page_id=5968\" title=\"\"><i class=\"vc_btn3-icon fa fa-file-pdf-o\"><\/i> Ver temario<\/a><\/div>\n<\/div><\/div><\/div><div class=\"wpb_column vc_column_container vc_col-sm-4\"><div class=\"vc_column-inner \"><div class=\"wpb_wrapper\">\n\t<div class=\"wpb_raw_code wpb_content_element wpb_raw_html\" >\n\t\t<div class=\"wpb_wrapper\">\n\t\t\t<h3 style=\"color:#858a99;text-align:center;\"> Ciencias de la Educaci\u00f3n\n<\/h3>\n\t\t<\/div>\n\t<\/div>\n<div class=\"vc_btn3-container vc_btn3-center\" >\n\t<a class=\"vc_general vc_btn3 vc_btn3-size-md vc_btn3-shape-round vc_btn3-style-classic vc_btn3-icon-left vc_btn3-color-primary\" href=\"https:\/\/copiarte.es\/?page_id=6265\" title=\"Educaci\u00f3n 21\/22\"><i class=\"vc_btn3-icon fa fa-file-pdf-o\"><\/i> Ver temario<\/a><\/div>\n<\/div><\/div><\/div><div class=\"wpb_column vc_column_container vc_col-sm-2\"><div class=\"vc_column-inner \"><div class=\"wpb_wrapper\"><\/div><\/div><\/div><\/div><\/div><div class=\"vc-parent-row row-default vc_custom_1632206233774\"><div class=\"vc_row wpb_row vc_row-fluid\"><div class=\"wpb_column vc_column_container vc_col-sm-12\"><div class=\"vc_column-inner \"><div class=\"wpb_wrapper\">\n\t<div class=\"wpb_raw_code wpb_content_element wpb_raw_html vc_custom_1692022040815\" >\n\t\t<div class=\"wpb_wrapper\">\n\t\t\t<div align=\"center\">\n\n<p style=\"text-align:center;margin-top:50px\"><img width=\"55%\" src=\"https:\/\/copiarte.es\/wp-content\/uploads\/2018\/09\/2022anteriores.png\"\/><\/p>\n<\/div>\n\t\t<\/div>\n\t<\/div>\n<\/div><\/div><\/div><div class=\"wpb_column vc_column_container vc_col-sm-2\"><div class=\"vc_column-inner \"><div class=\"wpb_wrapper\"><\/div><\/div><\/div><div class=\"wpb_column vc_column_container vc_col-sm-4\"><div class=\"vc_column-inner \"><div class=\"wpb_wrapper\">\n\t<div class=\"wpb_raw_code wpb_content_element wpb_raw_html\" >\n\t\t<div class=\"wpb_wrapper\">\n\t\t\t<h3 style=\"color:#858a99;text-align:center;\"> Ciencias Econ\u00f3micas<\/h3>\n\t\t<\/div>\n\t<\/div>\n<div class=\"vc_btn3-container vc_btn3-center\" >\n\t<a class=\"vc_general vc_btn3 vc_btn3-size-md vc_btn3-shape-round vc_btn3-style-classic vc_btn3-icon-left vc_btn3-color-primary\" href=\"https:\/\/copiarte.es\/?page_id=6288\" title=\"\"><i class=\"vc_btn3-icon fa fa-file-pdf-o\"><\/i> Ver temario<\/a><\/div>\n<\/div><\/div><\/div><div class=\"wpb_column vc_column_container vc_col-sm-4\"><div class=\"vc_column-inner \"><div class=\"wpb_wrapper\">\n\t<div class=\"wpb_raw_code wpb_content_element wpb_raw_html\" >\n\t\t<div class=\"wpb_wrapper\">\n\t\t\t<h3 style=\"color:#858a99;text-align:center;\"> Ciencias de la Educaci\u00f3n\n<\/h3>\n\t\t<\/div>\n\t<\/div>\n<div class=\"vc_btn3-container vc_btn3-center\" >\n\t<a class=\"vc_general vc_btn3 vc_btn3-size-md vc_btn3-shape-round vc_btn3-style-classic vc_btn3-icon-left vc_btn3-color-primary\" href=\"https:\/\/copiarte.es\/?page_id=6098\" title=\"Educaci\u00f3n 21\/22\"><i class=\"vc_btn3-icon fa fa-file-pdf-o\"><\/i> Ver temario<\/a><\/div>\n<\/div><\/div><\/div><div class=\"wpb_column vc_column_container vc_col-sm-2\"><div class=\"vc_column-inner \"><div class=\"wpb_wrapper\"><\/div><\/div><\/div><\/div><\/div><div class=\"vc-parent-row row-default vc_custom_1632206233774\"><div class=\"vc_row wpb_row vc_row-fluid\"><div class=\"wpb_column vc_column_container vc_col-sm-12\"><div class=\"vc_column-inner \"><div class=\"wpb_wrapper\">\n\t<div class=\"wpb_raw_code wpb_content_element wpb_raw_html vc_custom_1632205905451\" >\n\t\t<div class=\"wpb_wrapper\">\n\t\t\t<div align=\"center\">\n<h3>Apuntes a\u00f1os anteriores<\/h3><\/div>\n<p style=\"text-align:center;margin-top:50px\"><img width=\"40%\" src=\"https:\/\/copiarte.es\/wp-content\/uploads\/2018\/09\/2021anteriores.png\"\/><\/p>\n<\/div>\n\t\t<\/div>\n\t<\/div>\n<\/div><\/div><\/div><div class=\"wpb_column vc_column_container vc_col-sm-2\"><div class=\"vc_column-inner \"><div class=\"wpb_wrapper\"><\/div><\/div><\/div><div class=\"wpb_column vc_column_container vc_col-sm-4\"><div class=\"vc_column-inner \"><div class=\"wpb_wrapper\">\n\t<div class=\"wpb_raw_code wpb_content_element wpb_raw_html\" >\n\t\t<div class=\"wpb_wrapper\">\n\t\t\t<h3 style=\"color:#858a99;text-align:center;\"> Ciencias Econ\u00f3micas<\/h3>\n\t\t<\/div>\n\t<\/div>\n<div class=\"vc_btn3-container vc_btn3-center\" >\n\t<a class=\"vc_general vc_btn3 vc_btn3-size-md vc_btn3-shape-round vc_btn3-style-classic vc_btn3-icon-left vc_btn3-color-primary\" href=\"https:\/\/copiarte.es\/?page_id=5822\" title=\"\"><i class=\"vc_btn3-icon fa fa-file-pdf-o\"><\/i> Ver temario<\/a><\/div>\n<\/div><\/div><\/div><div class=\"wpb_column vc_column_container vc_col-sm-4\"><div class=\"vc_column-inner \"><div class=\"wpb_wrapper\">\n\t<div class=\"wpb_raw_code wpb_content_element wpb_raw_html\" >\n\t\t<div class=\"wpb_wrapper\">\n\t\t\t<h3 style=\"color:#858a99;text-align:center;\"> Ciencias de la Educaci\u00f3n\n<\/h3>\n\t\t<\/div>\n\t<\/div>\n<div class=\"vc_btn3-container vc_btn3-center\" >\n\t<a class=\"vc_general vc_btn3 vc_btn3-size-md vc_btn3-shape-round vc_btn3-style-classic vc_btn3-icon-left vc_btn3-color-primary\" href=\"https:\/\/copiarte.es\/?page_id=5912\" title=\"\"><i class=\"vc_btn3-icon fa fa-file-pdf-o\"><\/i> Ver temario<\/a><\/div>\n<\/div><\/div><\/div><div class=\"wpb_column vc_column_container vc_col-sm-2\"><div class=\"vc_column-inner \"><div class=\"wpb_wrapper\"><\/div><\/div><\/div><\/div><\/div><div class=\"vc-parent-row row-default\"><div class=\"vc_row wpb_row vc_row-fluid\"><div class=\"wpb_column vc_column_container vc_col-sm-12\"><div class=\"vc_column-inner \"><div class=\"wpb_wrapper\">\n\t<div class=\"wpb_raw_code wpb_content_element wpb_raw_html vc_custom_1601465183947\" >\n\t\t<div class=\"wpb_wrapper\">\n\t\t\t<div align=\"center\">\n<h3>Apuntes a\u00f1os anteriores<\/h3><\/div>\n<p style=\"text-align:center;margin-top:50px\"><img width=\"40%\" src=\"https:\/\/copiarte.es\/wp-content\/uploads\/2018\/09\/1920.png\"\/><\/p>\n<\/div>\n\t\t<\/div>\n\t<\/div>\n<\/div><\/div><\/div><\/div><\/div><div class=\"vc-parent-row row-default vc_custom_1537781359887\"><div class=\"vc_row wpb_row vc_row-fluid vc_row-o-content-top vc_row-flex\"><div class=\"wpb_column vc_column_container vc_col-sm-2\"><div class=\"vc_column-inner \"><div class=\"wpb_wrapper\"><\/div><\/div><\/div><div class=\"wpb_column vc_column_container vc_col-sm-4\"><div class=\"vc_column-inner \"><div class=\"wpb_wrapper\">\n\t<div class=\"wpb_raw_code wpb_content_element wpb_raw_html\" >\n\t\t<div class=\"wpb_wrapper\">\n\t\t\t<h3 style=\"color:#858a99;text-align:center;\"> Ciencias Econ\u00f3micas<\/h3>\n\t\t<\/div>\n\t<\/div>\n<div class=\"vc_btn3-container vc_btn3-center\" >\n\t<a class=\"vc_general vc_btn3 vc_btn3-size-md vc_btn3-shape-round vc_btn3-style-classic vc_btn3-icon-left vc_btn3-color-primary\" href=\"https:\/\/copiarte.es\/?page_id=5662\" title=\"\"><i class=\"vc_btn3-icon fa fa-file-pdf-o\"><\/i> Ver temario<\/a><\/div>\n<\/div><\/div><\/div><div class=\"wpb_column vc_column_container vc_col-sm-4\"><div class=\"vc_column-inner \"><div class=\"wpb_wrapper\">\n\t<div class=\"wpb_raw_code wpb_content_element wpb_raw_html\" >\n\t\t<div class=\"wpb_wrapper\">\n\t\t\t<h3 style=\"color:#858a99;text-align:center;\"> Ciencias de la Educaci\u00f3n\n<\/h3>\n\t\t<\/div>\n\t<\/div>\n<div class=\"vc_btn3-container vc_btn3-center\" >\n\t<a class=\"vc_general vc_btn3 vc_btn3-size-md vc_btn3-shape-round vc_btn3-style-classic vc_btn3-icon-left vc_btn3-color-primary\" href=\"https:\/\/copiarte.es\/?page_id=5664\" title=\"\"><i class=\"vc_btn3-icon fa fa-file-pdf-o\"><\/i> Ver temario<\/a><\/div>\n<\/div><\/div><\/div><div class=\"wpb_column vc_column_container vc_col-sm-2\"><div class=\"vc_column-inner \"><div class=\"wpb_wrapper\"><\/div><\/div><\/div><\/div><\/div><div class=\"vc-parent-row row-default\"><div class=\"vc_row wpb_row vc_row-fluid\"><div class=\"wpb_column vc_column_container vc_col-sm-12\"><div class=\"vc_column-inner \"><div class=\"wpb_wrapper\">\n\t<div class=\"wpb_raw_code wpb_content_element wpb_raw_html vc_custom_1569413117573\" >\n\t\t<div class=\"wpb_wrapper\">\n\t\t\t<div align=\"center\">\n<h3>Apuntes a\u00f1os anteriores<\/h3><\/div>\n<p style=\"text-align:center;margin-top:50px\"><img width=\"40%\" src=\"http:\/\/copiarte.es\/wp-content\/uploads\/2018\/09\/web-1819.jpg\"\/><\/p>\n<\/div>\n\t\t<\/div>\n\t<\/div>\n<\/div><\/div><\/div><\/div><\/div><div class=\"vc-parent-row row-default vc_custom_1537781359887\"><div class=\"vc_row wpb_row vc_row-fluid vc_row-o-content-top vc_row-flex\"><div class=\"wpb_column vc_column_container vc_col-sm-2\"><div class=\"vc_column-inner \"><div class=\"wpb_wrapper\"><\/div><\/div><\/div><div class=\"wpb_column vc_column_container vc_col-sm-4\"><div class=\"vc_column-inner \"><div class=\"wpb_wrapper\">\n\t<div class=\"wpb_raw_code wpb_content_element wpb_raw_html\" >\n\t\t<div class=\"wpb_wrapper\">\n\t\t\t<h3 style=\"color:#858a99;text-align:center;\"> Ciencias Econ\u00f3micas<\/h3>\n\t\t<\/div>\n\t<\/div>\n<div class=\"vc_btn3-container vc_btn3-center\" >\n\t<a class=\"vc_general vc_btn3 vc_btn3-size-md vc_btn3-shape-round vc_btn3-style-classic vc_btn3-icon-left vc_btn3-color-primary\" href=\"http:\/\/copiarte.es\/?page_id=4295\" title=\"\"><i class=\"vc_btn3-icon fa fa-file-pdf-o\"><\/i> Ver temario<\/a><\/div>\n<\/div><\/div><\/div><div class=\"wpb_column vc_column_container vc_col-sm-4\"><div class=\"vc_column-inner \"><div class=\"wpb_wrapper\">\n\t<div class=\"wpb_raw_code wpb_content_element wpb_raw_html\" >\n\t\t<div class=\"wpb_wrapper\">\n\t\t\t<h3 style=\"color:#858a99;text-align:center;\"> Ciencias de la Educaci\u00f3n\n<\/h3>\n\t\t<\/div>\n\t<\/div>\n<div class=\"vc_btn3-container vc_btn3-center\" >\n\t<a class=\"vc_general vc_btn3 vc_btn3-size-md vc_btn3-shape-round vc_btn3-style-classic vc_btn3-icon-left vc_btn3-color-primary\" href=\"http:\/\/copiarte.es\/?page_id=4470\" title=\"\"><i class=\"vc_btn3-icon fa fa-file-pdf-o\"><\/i> Ver temario<\/a><\/div>\n<\/div><\/div><\/div><div class=\"wpb_column vc_column_container vc_col-sm-2\"><div class=\"vc_column-inner \"><div class=\"wpb_wrapper\"><\/div><\/div><\/div><\/div><\/div><div class=\"vc-parent-row row-default\"><div class=\"vc_row wpb_row vc_row-fluid\"><div class=\"wpb_column vc_column_container vc_col-sm-12\"><div class=\"vc_column-inner \"><div class=\"wpb_wrapper\">\n\t<div class=\"wpb_raw_code wpb_content_element wpb_raw_html vc_custom_1569413131808\" >\n\t\t<div class=\"wpb_wrapper\">\n\t\t\t<div align=\"center\">\n<h3>Apuntes a\u00f1os anteriores<\/h3><\/div>\n<p style=\"text-align:center;margin-top:50px\"><img width=\"40%\" src=\"http:\/\/copiarte.es\/wp-content\/uploads\/2018\/09\/web-1718.jpg\"\/><\/p>\n<\/div>\n\t\t<\/div>\n\t<\/div>\n<\/div><\/div><\/div><\/div><\/div><div class=\"vc-parent-row row-default vc_custom_1537781359887\"><div class=\"vc_row wpb_row vc_row-fluid vc_row-o-content-top vc_row-flex\"><div class=\"wpb_column vc_column_container vc_col-sm-2\"><div class=\"vc_column-inner \"><div class=\"wpb_wrapper\"><\/div><\/div><\/div><div class=\"wpb_column vc_column_container vc_col-sm-4\"><div class=\"vc_column-inner \"><div class=\"wpb_wrapper\">\n\t<div class=\"wpb_raw_code wpb_content_element wpb_raw_html\" >\n\t\t<div class=\"wpb_wrapper\">\n\t\t\t<h3 style=\"color:#858a99;text-align:center;\"> Ciencias Econ\u00f3micas<\/h3>\n\t\t<\/div>\n\t<\/div>\n<div class=\"vc_btn3-container vc_btn3-center\" >\n\t<a class=\"vc_general vc_btn3 vc_btn3-size-md vc_btn3-shape-round vc_btn3-style-classic vc_btn3-icon-left vc_btn3-color-primary\" href=\"http:\/\/copiarte.es\/?page_id=5343\" title=\"\"><i class=\"vc_btn3-icon fa fa-file-pdf-o\"><\/i> Ver temario<\/a><\/div>\n<\/div><\/div><\/div><div class=\"wpb_column vc_column_container vc_col-sm-4\"><div class=\"vc_column-inner \"><div class=\"wpb_wrapper\">\n\t<div class=\"wpb_raw_code wpb_content_element wpb_raw_html\" >\n\t\t<div class=\"wpb_wrapper\">\n\t\t\t<h3 style=\"color:#858a99;text-align:center;\"> Ciencias de la Educaci\u00f3n\n<\/h3>\n\t\t<\/div>\n\t<\/div>\n<div class=\"vc_btn3-container vc_btn3-center\" >\n\t<a class=\"vc_general vc_btn3 vc_btn3-size-md vc_btn3-shape-round vc_btn3-style-classic vc_btn3-icon-left vc_btn3-color-primary\" href=\"http:\/\/copiarte.es\/?page_id=5326\" title=\"\"><i class=\"vc_btn3-icon fa fa-file-pdf-o\"><\/i> Ver temario<\/a><\/div>\n<\/div><\/div><\/div><div class=\"wpb_column vc_column_container vc_col-sm-2\"><div class=\"vc_column-inner \"><div class=\"wpb_wrapper\"><\/div><\/div><\/div><\/div><\/div>\n","protected":false},"excerpt":{"rendered":"Apuntes a\u00f1os anteriores Turismo Ver temario Ciencias Econ\u00f3micas Ver temario Ciencias de la Educaci\u00f3n Ver temario Apuntes a\u00f1os anteriores Ciencias Econ\u00f3micas Ver temario Ciencias de la Educaci\u00f3n Ver temario Ciencias Econ\u00f3micas Ver temario Ciencias de la Educaci\u00f3n Ver temario Apuntes a\u00f1os anteriores Ciencias Econ\u00f3micas Ver temario Ciencias de la Educaci\u00f3n Ver temario Apuntes a\u00f1os anteriores&hellip;","protected":false},"author":1,"featured_media":0,"parent":0,"menu_order":0,"comment_status":"closed","ping_status":"closed","template":"","meta":[],"acf":[],"_links":{"self":[{"href":"https:\/\/copiarte.es\/index.php?rest_route=\/wp\/v2\/pages\/5414"}],"collection":[{"href":"https:\/\/copiarte.es\/index.php?rest_route=\/wp\/v2\/pages"}],"about":[{"href":"https:\/\/copiarte.es\/index.php?rest_route=\/wp\/v2\/types\/page"}],"author":[{"embeddable":true,"href":"https:\/\/copiarte.es\/index.php?rest_route=\/wp\/v2\/users\/1"}],"replies":[{"embeddable":true,"href":"https:\/\/copiarte.es\/index.php?rest_route=%2Fwp%2Fv2%2Fcomments&post=5414"}],"version-history":[{"count":47,"href":"https:\/\/copiarte.es\/index.php?rest_route=\/wp\/v2\/pages\/5414\/revisions"}],"predecessor-version":[{"id":6745,"href":"https:\/\/copiarte.es\/index.php?rest_route=\/wp\/v2\/pages\/5414\/revisions\/6745"}],"wp:attachment":[{"href":"https:\/\/copiarte.es\/index.php?rest_route=%2Fwp%2Fv2%2Fmedia&parent=5414"}],"curies":[{"name":"wp","href":"https:\/\/api.w.org\/{rel}","templated":true}]}}