{"id":5611,"date":"2019-09-20T11:41:56","date_gmt":"2019-09-20T11:41:56","guid":{"rendered":"http:\/\/copiarte.es\/?page_id=5611"},"modified":"2019-09-20T11:41:56","modified_gmt":"2019-09-20T11:41:56","slug":"4economia-1920","status":"publish","type":"page","link":"https:\/\/copiarte.es\/?page_id=5611","title":{"rendered":"4economia 19\/20"},"content":{"rendered":"<div class=\"vc-parent-row row-default\"><div class=\"vc_row wpb_row vc_row-fluid\"><div class=\"wpb_column vc_column_container vc_col-sm-12\"><div class=\"vc_column-inner \"><div class=\"wpb_wrapper\"><div id=\"ts-advanced-tables-container-8650131\" class=\"ts-advanced-tables-container ts-advanced-tables-processing    ts-datatables-container ts-datatables-theme-default\"><div id=\"ts-advanced-tables-name-8650131\" class=\"ts-advanced-tables-name\">4 econom\u00eda 19\/20<\/div><div id=\"ts-advanced-tables-wrapper-8650131\" class=\"ts-advanced-tables-wrapper\"><table id=\"ts-advanced-tables-datatable-8650131\" class=\"ts-advanced-tables-datatable  display responsive\" data-preloader=\"ts-advanced-tables-preloader-wrapper-8650131\" data-columns-html=\"\" data-columns-date=\"\" data-columns-time=\"\" data-columns-numeric=\"\" data-columns-currency=\"\" data-columns-percent=\"\" data-default-numeric=\"0,0.00\" data-default-currency=\"$0,0.00\" data-default-percent=\"0.00%\" data-default-date=\"MM-DD-YYYY\" data-default-time=\"HH:mm\" data-comment-date=\"MM-DD-YYYY\" data-comment-time=\"HH:mm\" data-format-savemeta=\"true\" data-format-source=\"metadata\" data-breakpoint-desktop=\"Infinity\" data-breakpoint-tabletl=\"1024\" data-breakpoint-tabletp=\"768\" data-breakpoint-mobilel=\"480\" data-breakpoint-mobilep=\"320\" data-responsive-type=\"ts-advanced-tables-none\" data-responsive-switch=\"640\" data-responsive-active=\"false\" data-responsive-heighttype=\"none\" data-responsive-heightpixel=\"800\" data-responsive-heightpercent=\"75\" data-datatable-use=\"true\" data-datatable-columns=\"3\" data-datatable-rows=\"11\" data-datatable-search=\"true\" data-datatable-info=\"false\" data-datatable-togglerow=\"false\" data-datatable-pages=\"false\" data-datatable-pagetype=\"simple_numbers\" data-datatable-pageselect=\"5,10\" data-datatable-length=\"10\" data-datatable-sort=\"false\" data-datatable-initial=\"1\" data-datatable-order=\"asc\" data-datatable-topfixed=\"false\" data-datatable-topoffset=\"0\" data-datatable-bottomfixed=\"false\" data-datatable-bottomoffset=\"0\" data-datatable-buttons=\"true\" data-datatable-printshow=\"true\" data-datatable-pdfshow=\"true\" data-datatable-csvshow=\"false\" data-datatable-excelshow=\"true\" data-datatable-copyshow=\"false\" data-datatable-printtext=\"Imprimir\" data-datatable-pdftext=\"PDF\" data-datatable-csvtext=\"CSV\" data-datatable-exceltext=\"Excel\" data-datatable-copytext=\"Copy\" data-datatable-textprocessing=\"Processing ...\" data-datatable-textlengthmenu=\"Show _MENU_ Entries\" data-datatable-textlengthall=\"All\" data-datatable-textinfomain=\"Showing _START_ to _END_ of _TOTAL_ Entries\" data-datatable-textinfoempty=\"No Entries To Show!\" data-datatable-textinfofiltered=\"- filtered from _MAX_ records.\" data-datatable-textsearch=\"Buscar:\" data-datatable-textplaceholder=\"Introduce asignatura\" data-datatable-textzerorecords=\"No Entries To Show!\" data-datatable-textfirst=\"First\" data-datatable-textprevious=\"Previous\" data-datatable-textnext=\"Next\" data-datatable-textlast=\"Last\" data-tablesaw-use=\"false\" data-footable-use=\"false\"><thead><tr><th class=\"control\" data-cell-scope=\"control\" data-priority=\"1\" data-orderable=\"false\" data-searchable=\"false\" style=\"display: none;\"><\/th><th  data-type=\"html\" data-cell-scope=\"col\" scope=\"col\" data-orderable=\"true\" data-searchable=\"true\"  class=\"ts-advanced-tables-cell ts-cell-horizontal-left ts-cell-vertical-middle ts-cell-weight-bold ts-cell-background-cfcbcf            \"  data-cell-type=\"text\" data-cell-format=\"text\" data-cell-column=\"1\" data-cell-row=\"1\" data-cell-count=\"0\" data-cell-value=\"TsK6\" data-cell-override=\"\" data-cell-locale=\"es-ES\" data-cell-symbol=\"\u20ac\" >N\u00ba<\/th><th  data-type=\"html\" data-cell-scope=\"col\" scope=\"col\" data-orderable=\"true\" data-searchable=\"true\"  class=\"ts-advanced-tables-cell ts-cell-horizontal-left ts-cell-vertical-middle ts-cell-weight-bold ts-cell-background-cfcbcf        not-tablet-p    \"  data-cell-type=\"text\" data-cell-format=\"text\" data-cell-column=\"2\" data-cell-row=\"1\" data-cell-count=\"1\" data-cell-value=\"QXNpZ25hdHVyYQ==\" data-cell-override=\"\" data-cell-locale=\"es-ES\" data-cell-symbol=\"\u20ac\" >Asignatura<\/th><th  data-type=\"html\" data-cell-scope=\"col\" scope=\"col\" data-orderable=\"true\" data-searchable=\"true\"  class=\"ts-advanced-tables-cell ts-cell-horizontal-left ts-cell-vertical-middle ts-cell-weight-bold ts-cell-background-cfcbcf            \"  data-cell-type=\"text\" data-cell-format=\"text\" data-cell-column=\"3\" data-cell-row=\"1\" data-cell-count=\"2\" data-cell-value=\"UHJlY2lv\" data-cell-override=\"\" data-cell-locale=\"es-ES\" data-cell-symbol=\"\u20ac\" >Precio<\/th><\/tr><\/thead><tbody><tr><td style=\"display: none;\"><\/td><td   data-cell-scope=\"row\" data-cell-label=\"N\u00ba\" class=\"ts-advanced-tables-cell ts-cell-horizontal-left ts-cell-vertical-middle  \"  data-cell-type=\"text\" data-cell-format=\"text\" data-cell-column=\"1\" data-cell-row=\"2\" data-cell-count=\"3\" data-cell-value=\"ODI=\" data-cell-override=\"\" data-cell-locale=\"es-ES\" data-cell-symbol=\"\u20ac\" >82<\/td><td    data-cell-label=\"Asignatura\" class=\"ts-advanced-tables-cell ts-cell-horizontal-left ts-cell-vertical-middle  \"  data-cell-type=\"text\" data-cell-format=\"text\" data-cell-column=\"2\" data-cell-row=\"2\" data-cell-count=\"4\" data-cell-value=\"SElTVE9SSUEgREVMIFBFTlNBTUlFTlRPIEVDT05PTUlDTyBQUkVTRU5UQUNJT04gRSBJTlRST0RVQ0NJT04=\" data-cell-override=\"\" data-cell-locale=\"es-ES\" data-cell-symbol=\"\u20ac\" >HISTORIA DEL PENSAMIENTO ECONOMICO PRESENTACION E INTRODUCCION<\/td><td    data-cell-label=\"Precio\" class=\"ts-advanced-tables-cell ts-cell-horizontal-left ts-cell-vertical-middle  \"  data-cell-type=\"text\" data-cell-format=\"text\" data-cell-column=\"3\" data-cell-row=\"2\" data-cell-count=\"5\" data-cell-value=\"MC4zNg==\" data-cell-override=\"\" data-cell-locale=\"es-ES\" data-cell-symbol=\"\u20ac\" >0.36<\/td><\/tr><tr><td style=\"display: none;\"><\/td><td   data-cell-scope=\"row\" data-cell-label=\"N\u00ba\" class=\"ts-advanced-tables-cell ts-cell-horizontal-left ts-cell-vertical-middle  \"  data-cell-type=\"text\" data-cell-format=\"text\" data-cell-column=\"1\" data-cell-row=\"3\" data-cell-count=\"6\" data-cell-value=\"ODM=\" data-cell-override=\"\" data-cell-locale=\"es-ES\" data-cell-symbol=\"\u20ac\" >83<\/td><td    data-cell-label=\"Asignatura\" class=\"ts-advanced-tables-cell ts-cell-horizontal-left ts-cell-vertical-middle  \"  data-cell-type=\"text\" data-cell-format=\"text\" data-cell-column=\"2\" data-cell-row=\"3\" data-cell-count=\"7\" data-cell-value=\"SElTVE9SSUEgREVMIFBFTlNBTUlFTlRPIEVDT05PTUlDTyBMRUNUVVJBIDEgQURBTSBTTUlUSA==\" data-cell-override=\"\" data-cell-locale=\"es-ES\" data-cell-symbol=\"\u20ac\" >HISTORIA DEL PENSAMIENTO ECONOMICO LECTURA 1 ADAM SMITH<\/td><td    data-cell-label=\"Precio\" class=\"ts-advanced-tables-cell ts-cell-horizontal-left ts-cell-vertical-middle  \"  data-cell-type=\"text\" data-cell-format=\"text\" data-cell-column=\"3\" data-cell-row=\"3\" data-cell-count=\"8\" data-cell-value=\"MC42Mw==\" data-cell-override=\"\" data-cell-locale=\"es-ES\" data-cell-symbol=\"\u20ac\" >0.63<\/td><\/tr><tr><td style=\"display: none;\"><\/td><td   data-cell-scope=\"row\" data-cell-label=\"N\u00ba\" class=\"ts-advanced-tables-cell ts-cell-horizontal-left ts-cell-vertical-middle  \"  data-cell-type=\"text\" data-cell-format=\"text\" data-cell-column=\"1\" data-cell-row=\"4\" data-cell-count=\"9\" data-cell-value=\"MTE2\" data-cell-override=\"\" data-cell-locale=\"es-ES\" data-cell-symbol=\"\u20ac\" >116<\/td><td    data-cell-label=\"Asignatura\" class=\"ts-advanced-tables-cell ts-cell-horizontal-left ts-cell-vertical-middle  \"  data-cell-type=\"text\" data-cell-format=\"text\" data-cell-column=\"2\" data-cell-row=\"4\" data-cell-count=\"10\" data-cell-value=\"UE9MSVRJQ0EgRUNPTk9NSUNBIFRFUlJJVE9SSUFMIFBSQUNUSUNBIDEgT1BUQVRJVkEgKEJBUlRPTE9NRSBQRVJFWiBSQU1JUkVa\" data-cell-override=\"\" data-cell-locale=\"es-ES\" data-cell-symbol=\"\u20ac\" >POLITICA ECONOMICA TERRITORIAL PRACTICA 1 OPTATIVA (BARTOLOME PEREZ RAMIREZ<\/td><td    data-cell-label=\"Precio\" class=\"ts-advanced-tables-cell ts-cell-horizontal-left ts-cell-vertical-middle  \"  data-cell-type=\"text\" data-cell-format=\"text\" data-cell-column=\"3\" data-cell-row=\"4\" data-cell-count=\"11\" data-cell-value=\"MCwxNQ==\" data-cell-override=\"\" data-cell-locale=\"es-ES\" data-cell-symbol=\"\u20ac\" >0,15<\/td><\/tr><tr><td style=\"display: none;\"><\/td><td   data-cell-scope=\"row\" data-cell-label=\"N\u00ba\" class=\"ts-advanced-tables-cell ts-cell-horizontal-left ts-cell-vertical-middle  \"  data-cell-type=\"text\" data-cell-format=\"text\" data-cell-column=\"1\" data-cell-row=\"5\" data-cell-count=\"12\" data-cell-value=\"MTU3\" data-cell-override=\"\" data-cell-locale=\"es-ES\" data-cell-symbol=\"\u20ac\" >157<\/td><td    data-cell-label=\"Asignatura\" class=\"ts-advanced-tables-cell ts-cell-horizontal-left ts-cell-vertical-middle  \"  data-cell-type=\"text\" data-cell-format=\"text\" data-cell-column=\"2\" data-cell-row=\"5\" data-cell-count=\"13\" data-cell-value=\"SElTVE9SSUEgREVMIFBFTlNBTUlFTlRPIEVDT07Dk01JQ08gVE9ET1MgTE9TIEdSVVBPUyBMRUNUVVJBIDIgQUxGUkVEIE1BUlNIQUxM\" data-cell-override=\"\" data-cell-locale=\"es-ES\" data-cell-symbol=\"\u20ac\" >HISTORIA DEL PENSAMIENTO ECON\u00d3MICO TODOS LOS GRUPOS LECTURA 2 ALFRED MARSHALL<\/td><td    data-cell-label=\"Precio\" class=\"ts-advanced-tables-cell ts-cell-horizontal-left ts-cell-vertical-middle  \"  data-cell-type=\"text\" data-cell-format=\"text\" data-cell-column=\"3\" data-cell-row=\"5\" data-cell-count=\"14\" data-cell-value=\"MC43NQ==\" data-cell-override=\"\" data-cell-locale=\"es-ES\" data-cell-symbol=\"\u20ac\" >0.75<\/td><\/tr><tr><td style=\"display: none;\"><\/td><td   data-cell-scope=\"row\" data-cell-label=\"N\u00ba\" class=\"ts-advanced-tables-cell ts-cell-horizontal-left ts-cell-vertical-middle  \"  data-cell-type=\"text\" data-cell-format=\"text\" data-cell-column=\"1\" data-cell-row=\"6\" data-cell-count=\"15\" data-cell-value=\"MTg3\" data-cell-override=\"\" data-cell-locale=\"es-ES\" data-cell-symbol=\"\u20ac\" >187<\/td><td    data-cell-label=\"Asignatura\" class=\"ts-advanced-tables-cell ts-cell-horizontal-left ts-cell-vertical-middle  \"  data-cell-type=\"text\" data-cell-format=\"text\" data-cell-column=\"2\" data-cell-row=\"6\" data-cell-count=\"16\" data-cell-value=\"SElTVE9SSUEgREVMIFBFTlNBTUlFTlRPIEVDT07Dk01JQ08gRkNPLiBHT01FWiBUT0RPUyBMT1MgR1JVUE9TIExFQ1RVUkEgMyAoS0VZTkVTKQ==\" data-cell-override=\"\" data-cell-locale=\"es-ES\" data-cell-symbol=\"\u20ac\" >HISTORIA DEL PENSAMIENTO ECON\u00d3MICO FCO. GOMEZ TODOS LOS GRUPOS LECTURA 3 (KEYNES)<\/td><td    data-cell-label=\"Precio\" class=\"ts-advanced-tables-cell ts-cell-horizontal-left ts-cell-vertical-middle  \"  data-cell-type=\"text\" data-cell-format=\"text\" data-cell-column=\"3\" data-cell-row=\"6\" data-cell-count=\"17\" data-cell-value=\"MC41NA==\" data-cell-override=\"\" data-cell-locale=\"es-ES\" data-cell-symbol=\"\u20ac\" >0.54<\/td><\/tr><tr><td style=\"display: none;\"><\/td><td   data-cell-scope=\"row\" data-cell-label=\"N\u00ba\" class=\"ts-advanced-tables-cell ts-cell-horizontal-left ts-cell-vertical-middle  \"  data-cell-type=\"text\" data-cell-format=\"text\" data-cell-column=\"1\" data-cell-row=\"7\" data-cell-count=\"18\" data-cell-value=\"MTk3\" data-cell-override=\"\" data-cell-locale=\"es-ES\" data-cell-symbol=\"\u20ac\" >197<\/td><td    data-cell-label=\"Asignatura\" class=\"ts-advanced-tables-cell ts-cell-horizontal-left ts-cell-vertical-middle  \"  data-cell-type=\"text\" data-cell-format=\"text\" data-cell-column=\"2\" data-cell-row=\"7\" data-cell-count=\"19\" data-cell-value=\"SElTVE9SSUEgREVMIFBFTlNBTUlFTlRPIEVDT07Dk01JQ08gLiBTRU1JTkFSSU8gMyBFQ09OT01JQSBERSBMQSBGRUxJQ0lEQUQ=\" data-cell-override=\"\" data-cell-locale=\"es-ES\" data-cell-symbol=\"\u20ac\" >HISTORIA DEL PENSAMIENTO ECON\u00d3MICO . SEMINARIO 3 ECONOMIA DE LA FELICIDAD<\/td><td    data-cell-label=\"Precio\" class=\"ts-advanced-tables-cell ts-cell-horizontal-left ts-cell-vertical-middle  \"  data-cell-type=\"text\" data-cell-format=\"text\" data-cell-column=\"3\" data-cell-row=\"7\" data-cell-count=\"20\" data-cell-value=\"MC4xNQ==\" data-cell-override=\"\" data-cell-locale=\"es-ES\" data-cell-symbol=\"\u20ac\" >0.15<\/td><\/tr><tr><td style=\"display: none;\"><\/td><td   data-cell-scope=\"row\" data-cell-label=\"N\u00ba\" class=\"ts-advanced-tables-cell ts-cell-horizontal-left ts-cell-vertical-middle  \"  data-cell-type=\"text\" data-cell-format=\"text\" data-cell-column=\"1\" data-cell-row=\"8\" data-cell-count=\"21\" data-cell-value=\"MjQw\" data-cell-override=\"\" data-cell-locale=\"es-ES\" data-cell-symbol=\"\u20ac\" >240<\/td><td    data-cell-label=\"Asignatura\" class=\"ts-advanced-tables-cell ts-cell-horizontal-left ts-cell-vertical-middle  \"  data-cell-type=\"text\" data-cell-format=\"text\" data-cell-column=\"2\" data-cell-row=\"8\" data-cell-count=\"22\" data-cell-value=\"RUNPTk9Nw41BIERFIEFOREFMVUPDjUEgIC0gQklCTElPR1LDgUZJQ0EgUkVDT01FTkRBREEgUFJPRkVTT1JBOiBJU0FCRUwgTE9CQVRP\" data-cell-override=\"\" data-cell-locale=\"es-ES\" data-cell-symbol=\"\u20ac\" >ECONOM\u00cdA DE ANDALUC\u00cdA  - BIBLIOGR\u00c1FICA RECOMENDADA PROFESORA: ISABEL LOBATO<\/td><td    data-cell-label=\"Precio\" class=\"ts-advanced-tables-cell ts-cell-horizontal-left ts-cell-vertical-middle  \"  data-cell-type=\"text\" data-cell-format=\"text\" data-cell-column=\"3\" data-cell-row=\"8\" data-cell-count=\"23\" data-cell-value=\"Ni44NA==\" data-cell-override=\"\" data-cell-locale=\"es-ES\" data-cell-symbol=\"\u20ac\" >6.84<\/td><\/tr><tr><td style=\"display: none;\"><\/td><td   data-cell-scope=\"row\" data-cell-label=\"N\u00ba\" class=\"ts-advanced-tables-cell ts-cell-horizontal-left ts-cell-vertical-middle  \"  data-cell-type=\"text\" data-cell-format=\"text\" data-cell-column=\"1\" data-cell-row=\"9\" data-cell-count=\"24\" data-cell-value=\"MjQx\" data-cell-override=\"\" data-cell-locale=\"es-ES\" data-cell-symbol=\"\u20ac\" >241<\/td><td    data-cell-label=\"Asignatura\" class=\"ts-advanced-tables-cell ts-cell-horizontal-left ts-cell-vertical-middle  \"  data-cell-type=\"text\" data-cell-format=\"text\" data-cell-column=\"2\" data-cell-row=\"9\" data-cell-count=\"25\" data-cell-value=\"RUNPTk9NRVRSw41BIEFQTElDQURBIENPTiBIRVJSQU1JRU5UQSBJTkZPUk3DgVRJQ0EgLSBQUk9ZRUNUTyBET0NFTlRFIC0gT1BUQVRJVkEgKEEuIFBBSkFSRVMp\" data-cell-override=\"\" data-cell-locale=\"es-ES\" data-cell-symbol=\"\u20ac\" >ECONOMETR\u00cdA APLICADA CON HERRAMIENTA INFORM\u00c1TICA - PROYECTO DOCENTE - OPTATIVA (A. PAJARES)<\/td><td    data-cell-label=\"Precio\" class=\"ts-advanced-tables-cell ts-cell-horizontal-left ts-cell-vertical-middle  \"  data-cell-type=\"text\" data-cell-format=\"text\" data-cell-column=\"3\" data-cell-row=\"9\" data-cell-count=\"26\" data-cell-value=\"MC42Mw==\" data-cell-override=\"\" data-cell-locale=\"es-ES\" data-cell-symbol=\"\u20ac\" >0.63<\/td><\/tr><tr><td style=\"display: none;\"><\/td><td   data-cell-scope=\"row\" data-cell-label=\"N\u00ba\" class=\"ts-advanced-tables-cell ts-cell-horizontal-left ts-cell-vertical-middle  \"  data-cell-type=\"text\" data-cell-format=\"text\" data-cell-column=\"1\" data-cell-row=\"10\" data-cell-count=\"27\" data-cell-value=\"MjQy\" data-cell-override=\"\" data-cell-locale=\"es-ES\" data-cell-symbol=\"\u20ac\" >242<\/td><td    data-cell-label=\"Asignatura\" class=\"ts-advanced-tables-cell ts-cell-horizontal-left ts-cell-vertical-middle  \"  data-cell-type=\"text\" data-cell-format=\"text\" data-cell-column=\"2\" data-cell-row=\"10\" data-cell-count=\"28\" data-cell-value=\"RUNPTk9NRVRSw41BIEFQTElDQURBIENPTiBIRVJSQU1JRU5UQSBJTkZPUk3DgVRJQ0EgLSBURU1BIDEgLSBPUFRBVElWQSAoQS4gUEFKQVJFUyk=\" data-cell-override=\"\" data-cell-locale=\"es-ES\" data-cell-symbol=\"\u20ac\" >ECONOMETR\u00cdA APLICADA CON HERRAMIENTA INFORM\u00c1TICA - TEMA 1 - OPTATIVA (A. PAJARES)<\/td><td    data-cell-label=\"Precio\" class=\"ts-advanced-tables-cell ts-cell-horizontal-left ts-cell-vertical-middle  \"  data-cell-type=\"text\" data-cell-format=\"text\" data-cell-column=\"3\" data-cell-row=\"10\" data-cell-count=\"29\" data-cell-value=\"MC42OQ==\" data-cell-override=\"\" data-cell-locale=\"es-ES\" data-cell-symbol=\"\u20ac\" >0.69<\/td><\/tr><tr><td style=\"display: none;\"><\/td><td   data-cell-scope=\"row\" data-cell-label=\"N\u00ba\" class=\"ts-advanced-tables-cell ts-cell-horizontal-left ts-cell-vertical-middle  \"  data-cell-type=\"text\" data-cell-format=\"text\" data-cell-column=\"1\" data-cell-row=\"11\" data-cell-count=\"30\" data-cell-value=\"MjYz\" data-cell-override=\"\" data-cell-locale=\"es-ES\" data-cell-symbol=\"\u20ac\" >263<\/td><td    data-cell-label=\"Asignatura\" class=\"ts-advanced-tables-cell ts-cell-vertical-middle ts-cell-horizontal-center  \"  data-cell-type=\"text\" data-cell-format=\"text\" data-cell-column=\"2\" data-cell-row=\"11\" data-cell-count=\"31\" data-cell-value=\"RUNPTk9Nw41BIERFTCBUUkFOU1BPUlRFIFkgVFVSSVNNTyAtIFBST1lFQ1RPIERPQ0VOVEU=\" data-cell-override=\"\" data-cell-locale=\"es-ES\" data-cell-symbol=\"\u20ac\" >ECONOM\u00cdA DEL TRANSPORTE Y TURISMO - PROYECTO DOCENTE<\/td><td    data-cell-label=\"Precio\" class=\"ts-advanced-tables-cell ts-cell-horizontal-left ts-cell-vertical-middle  \"  data-cell-type=\"text\" data-cell-format=\"text\" data-cell-column=\"3\" data-cell-row=\"11\" data-cell-count=\"32\" data-cell-value=\"MC4yNA==\" data-cell-override=\"\" data-cell-locale=\"es-ES\" data-cell-symbol=\"\u20ac\" >0.24<\/td><\/tr><\/tbody><\/table><\/div><\/div><\/div><\/div><\/div><\/div><\/div>\n","protected":false},"excerpt":{"rendered":"4 econom\u00eda 19\/20N\u00baAsignaturaPrecio82HISTORIA DEL PENSAMIENTO ECONOMICO PRESENTACION E INTRODUCCION0.3683HISTORIA DEL PENSAMIENTO ECONOMICO LECTURA 1 ADAM SMITH0.63116POLITICA ECONOMICA TERRITORIAL PRACTICA 1 OPTATIVA (BARTOLOME PEREZ RAMIREZ0,15157HISTORIA DEL PENSAMIENTO ECON\u00d3MICO TODOS LOS GRUPOS LECTURA 2 ALFRED MARSHALL0.75187HISTORIA DEL PENSAMIENTO ECON\u00d3MICO FCO. GOMEZ TODOS LOS GRUPOS LECTURA 3 (KEYNES)0.54197HISTORIA DEL PENSAMIENTO ECON\u00d3MICO . SEMINARIO 3 ECONOMIA DE LA FELICIDAD0.15240ECONOM\u00cdA&hellip;","protected":false},"author":4,"featured_media":0,"parent":0,"menu_order":0,"comment_status":"closed","ping_status":"closed","template":"","meta":[],"acf":[],"_links":{"self":[{"href":"https:\/\/copiarte.es\/index.php?rest_route=\/wp\/v2\/pages\/5611"}],"collection":[{"href":"https:\/\/copiarte.es\/index.php?rest_route=\/wp\/v2\/pages"}],"about":[{"href":"https:\/\/copiarte.es\/index.php?rest_route=\/wp\/v2\/types\/page"}],"author":[{"embeddable":true,"href":"https:\/\/copiarte.es\/index.php?rest_route=\/wp\/v2\/users\/4"}],"replies":[{"embeddable":true,"href":"https:\/\/copiarte.es\/index.php?rest_route=%2Fwp%2Fv2%2Fcomments&post=5611"}],"version-history":[{"count":1,"href":"https:\/\/copiarte.es\/index.php?rest_route=\/wp\/v2\/pages\/5611\/revisions"}],"predecessor-version":[{"id":5612,"href":"https:\/\/copiarte.es\/index.php?rest_route=\/wp\/v2\/pages\/5611\/revisions\/5612"}],"wp:attachment":[{"href":"https:\/\/copiarte.es\/index.php?rest_route=%2Fwp%2Fv2%2Fmedia&parent=5611"}],"curies":[{"name":"wp","href":"https:\/\/api.w.org\/{rel}","templated":true}]}}