{"id":6832,"date":"2025-07-23T16:24:40","date_gmt":"2025-07-23T16:24:40","guid":{"rendered":"https:\/\/copiarte.es\/?page_id=6832"},"modified":"2025-07-23T16:25:22","modified_gmt":"2025-07-23T16:25:22","slug":"3-turismo-25-26","status":"publish","type":"page","link":"https:\/\/copiarte.es\/?page_id=6832","title":{"rendered":"3 Turismo 25 &#8211; 26"},"content":{"rendered":"<div class=\"vc-parent-row row-default\"><div class=\"vc_row wpb_row vc_row-fluid\"><div class=\"wpb_column vc_column_container vc_col-sm-12\"><div class=\"vc_column-inner \"><div class=\"wpb_wrapper\"><div id=\"ts-advanced-tables-container-7513980\" class=\"ts-advanced-tables-container ts-advanced-tables-processing    ts-datatables-container ts-datatables-theme-default\"><div id=\"ts-advanced-tables-wrapper-7513980\" class=\"ts-advanced-tables-wrapper\"><table id=\"ts-advanced-tables-datatable-7513980\" class=\"ts-advanced-tables-datatable  display responsive\" data-preloader=\"ts-advanced-tables-preloader-wrapper-7513980\" data-columns-html=\"\" data-columns-date=\"\" data-columns-time=\"\" data-columns-numeric=\"\" data-columns-currency=\"\" data-columns-percent=\"\" data-default-numeric=\"0,0.00\" data-default-currency=\"$0,0.00\" data-default-percent=\"0.00%\" data-default-date=\"MM-DD-YYYY\" data-default-time=\"HH:mm\" data-comment-date=\"MM-DD-YYYY\" data-comment-time=\"HH:mm\" data-format-savemeta=\"true\" data-format-source=\"metadata\" data-breakpoint-desktop=\"Infinity\" data-breakpoint-tabletl=\"1024\" data-breakpoint-tabletp=\"768\" data-breakpoint-mobilel=\"480\" data-breakpoint-mobilep=\"320\" data-responsive-type=\"ts-advanced-tables-none\" data-responsive-switch=\"640\" data-responsive-active=\"false\" data-responsive-heighttype=\"none\" data-responsive-heightpixel=\"800\" data-responsive-heightpercent=\"75\" data-datatable-use=\"true\" data-datatable-columns=\"3\" data-datatable-rows=\"9\" data-datatable-search=\"true\" data-datatable-info=\"true\" data-datatable-togglerow=\"false\" data-datatable-pages=\"false\" data-datatable-pagetype=\"simple_numbers\" data-datatable-pageselect=\"5,10\" data-datatable-length=\"10\" data-datatable-sort=\"false\" data-datatable-initial=\"1\" data-datatable-order=\"asc\" data-datatable-topfixed=\"false\" data-datatable-topoffset=\"0\" data-datatable-bottomfixed=\"false\" data-datatable-bottomoffset=\"0\" data-datatable-buttons=\"true\" data-datatable-printshow=\"true\" data-datatable-pdfshow=\"true\" data-datatable-csvshow=\"true\" data-datatable-excelshow=\"true\" data-datatable-copyshow=\"false\" data-datatable-printtext=\"Imprimir\" data-datatable-pdftext=\"PDF\" data-datatable-csvtext=\"CSV\" data-datatable-exceltext=\"Excel\" data-datatable-copytext=\"Copy\" data-datatable-textprocessing=\"Processing ...\" data-datatable-textlengthmenu=\"Show _MENU_ Entries\" data-datatable-textlengthall=\"All\" data-datatable-textinfomain=\"Showing _START_ to _END_ of _TOTAL_ Entries\" data-datatable-textinfoempty=\"No Entries To Show!\" data-datatable-textinfofiltered=\"- filtered from _MAX_ records.\" data-datatable-textsearch=\"Buscar:\" data-datatable-textplaceholder=\"Introduce asignatura\" data-datatable-textzerorecords=\"No Entries To Show!\" data-datatable-textfirst=\"First\" data-datatable-textprevious=\"Previous\" data-datatable-textnext=\"Next\" data-datatable-textlast=\"Last\" data-tablesaw-use=\"false\" data-footable-use=\"false\"><thead><tr><th class=\"control\" data-cell-scope=\"control\" data-priority=\"1\" data-orderable=\"false\" data-searchable=\"false\" style=\"display: none;\"><\/th><th  data-type=\"html\" data-cell-scope=\"col\" scope=\"col\" data-orderable=\"true\" data-searchable=\"true\"  class=\"ts-advanced-tables-cell ts-cell-horizontal-left ts-cell-vertical-middle ts-cell-background-cfcbcf            \"  data-cell-type=\"text\" data-cell-format=\"text\" data-cell-column=\"1\" data-cell-row=\"1\" data-cell-count=\"0\" data-cell-value=\"TsK6\" data-cell-override=\"\" data-cell-locale=\"es-ES\" data-cell-symbol=\"\u20ac\" >N\u00ba<\/th><th  data-type=\"html\" data-cell-scope=\"col\" scope=\"col\" data-orderable=\"true\" data-searchable=\"true\"  class=\"ts-advanced-tables-cell ts-cell-horizontal-left ts-cell-vertical-middle ts-cell-background-cfcbcf            \"  data-cell-type=\"text\" data-cell-format=\"text\" data-cell-column=\"2\" data-cell-row=\"1\" data-cell-count=\"1\" data-cell-value=\"QXNpZ25hdHVyYQ==\" data-cell-override=\"\" data-cell-locale=\"es-ES\" data-cell-symbol=\"\u20ac\" >Asignatura<\/th><th  data-type=\"html\" data-cell-scope=\"col\" scope=\"col\" data-orderable=\"true\" data-searchable=\"true\"  class=\"ts-advanced-tables-cell ts-cell-horizontal-left ts-cell-vertical-middle ts-cell-background-cfcbcf            \"  data-cell-type=\"text\" data-cell-format=\"text\" data-cell-column=\"3\" data-cell-row=\"1\" data-cell-count=\"2\" data-cell-value=\"UHJlY2lv\" data-cell-override=\"\" data-cell-locale=\"es-ES\" data-cell-symbol=\"\u20ac\" >Precio<\/th><\/tr><\/thead><tbody><tr><td style=\"display: none;\"><\/td><td   data-cell-scope=\"row\" data-cell-label=\"N\u00ba\" class=\"ts-advanced-tables-cell ts-cell-horizontal-left ts-cell-vertical-middle  \"  data-cell-type=\"text\" data-cell-format=\"text\" data-cell-column=\"1\" data-cell-row=\"2\" data-cell-count=\"3\" data-cell-value=\"MTE=\" data-cell-override=\"\" data-cell-locale=\"es-ES\" data-cell-symbol=\"\u20ac\" >11<\/td><td    data-cell-label=\"Asignatura\" class=\"ts-advanced-tables-cell ts-cell-horizontal-left ts-cell-vertical-middle  \"  data-cell-type=\"text\" data-cell-format=\"text\" data-cell-column=\"2\" data-cell-row=\"2\" data-cell-count=\"4\" data-cell-value=\"R0VTVEnDk04gREUgTE9TIFJFQ1VSU09TIEhVTUFOT1MgRU4gRUwgU0VDVE9SIFRVUsONU1RJQ08gIC0gVEVNQVMgMSBBTCA0IFkgQ0FTT1MgUFLDgUNUSUNPUyBOwqogMSBZIDIgLSBUT0RPUyBMT1MgR1JVUE9TIC0gTUFOVUVMIEdPTlrDgUxFWiBSRU5Ew5NO\" data-cell-override=\"\" data-cell-locale=\"es-ES\" data-cell-symbol=\"\u20ac\" >GESTI\u00d3N DE LOS RECURSOS HUMANOS EN EL SECTOR TUR\u00cdSTICO  - TEMAS 1 AL 4 Y CASOS PR\u00c1CTICOS N\u00aa 1 Y 2 - TODOS LOS GRUPOS - MANUEL GONZ\u00c1LEZ REND\u00d3N<\/td><td    data-cell-label=\"Precio\" class=\"ts-advanced-tables-cell ts-cell-horizontal-left ts-cell-vertical-middle  \"  data-cell-type=\"text\" data-cell-format=\"text\" data-cell-column=\"3\" data-cell-row=\"2\" data-cell-count=\"5\" data-cell-value=\"Ni4xMA==\" data-cell-override=\"\" data-cell-locale=\"es-ES\" data-cell-symbol=\"\u20ac\" >6.10<\/td><\/tr><tr><td style=\"display: none;\"><\/td><td   data-cell-scope=\"row\" data-cell-label=\"N\u00ba\" class=\"ts-advanced-tables-cell ts-cell-horizontal-left ts-cell-vertical-middle  \"  data-cell-type=\"text\" data-cell-format=\"text\" data-cell-column=\"1\" data-cell-row=\"3\" data-cell-count=\"6\" data-cell-value=\"NjM=\" data-cell-override=\"\" data-cell-locale=\"es-ES\" data-cell-symbol=\"\u20ac\" >63<\/td><td    data-cell-label=\"Asignatura\" class=\"ts-advanced-tables-cell ts-cell-horizontal-left ts-cell-vertical-middle  \"  data-cell-type=\"text\" data-cell-format=\"text\" data-cell-column=\"2\" data-cell-row=\"3\" data-cell-count=\"7\" data-cell-value=\"R0VTVEnDk04gREUgTE9TIFJFQ1VSU09TIEhVTUFOT1MgRU4gRUwgU0VDVE9SIFRVUsONU1RJQ08tIFRPRE9TIExPUyBHUlVQT1MgLSBURU1BUyA1IEEgOCAgWSBDQVNPUyBQUsOBQ1RJQ09TIE4uIDMgWSA0IC0gTUFOVUVMIEdPTlpBTEVaIFJFTkRPTg==\" data-cell-override=\"\" data-cell-locale=\"es-ES\" data-cell-symbol=\"\u20ac\" >GESTI\u00d3N DE LOS RECURSOS HUMANOS EN EL SECTOR TUR\u00cdSTICO- TODOS LOS GRUPOS - TEMAS 5 A 8  Y CASOS PR\u00c1CTICOS N. 3 Y 4 - MANUEL GONZALEZ RENDON<\/td><td    data-cell-label=\"Precio\" class=\"ts-advanced-tables-cell ts-cell-horizontal-left ts-cell-vertical-middle  \"  data-cell-type=\"text\" data-cell-format=\"text\" data-cell-column=\"3\" data-cell-row=\"3\" data-cell-count=\"8\" data-cell-value=\"NC4wMA==\" data-cell-override=\"\" data-cell-locale=\"es-ES\" data-cell-symbol=\"\u20ac\" >4.00<\/td><\/tr><tr><td style=\"display: none;\"><\/td><td   data-cell-scope=\"row\" data-cell-label=\"N\u00ba\" class=\"ts-advanced-tables-cell ts-cell-horizontal-left ts-cell-vertical-middle  \"  data-cell-type=\"text\" data-cell-format=\"text\" data-cell-column=\"1\" data-cell-row=\"4\" data-cell-count=\"9\" data-cell-value=\"MTEw\" data-cell-override=\"\" data-cell-locale=\"es-ES\" data-cell-symbol=\"\u20ac\" >110<\/td><td    data-cell-label=\"Asignatura\" class=\"ts-advanced-tables-cell ts-cell-horizontal-left ts-cell-vertical-middle  \"  data-cell-type=\"text\" data-cell-format=\"text\" data-cell-column=\"2\" data-cell-row=\"4\" data-cell-count=\"10\" data-cell-value=\"RElSRUNDScOTTiBERSBPUEVSQUNJT05FUyBFTiBPUkdBTklaQUNJT05FUyBUVVLDjVNUSUNBUyBJSSAtIEdSVVBPIDEgWSAzIDogQ1VBREVSTk8gREUgTk9UQVMgREVMIFRFTUEgMSAoIEVQw41HUkFGRVMgMTEgWSAxLjIgKS0gQU5UT05JTyBSVUla\" data-cell-override=\"\" data-cell-locale=\"es-ES\" data-cell-symbol=\"\u20ac\" >DIRECCI\u00d3N DE OPERACIONES EN ORGANIZACIONES TUR\u00cdSTICAS II - GRUPO 1 Y 3 : CUADERNO DE NOTAS DEL TEMA 1 ( EP\u00cdGRAFES 11 Y 1.2 )- ANTONIO RUIZ<\/td><td    data-cell-label=\"Precio\" class=\"ts-advanced-tables-cell ts-cell-horizontal-left ts-cell-vertical-middle  \"  data-cell-type=\"text\" data-cell-format=\"text\" data-cell-column=\"3\" data-cell-row=\"4\" data-cell-count=\"11\" data-cell-value=\"MC45MA==\" data-cell-override=\"\" data-cell-locale=\"es-ES\" data-cell-symbol=\"\u20ac\" >0.90<\/td><\/tr><tr><td style=\"display: none;\"><\/td><td   data-cell-scope=\"row\" data-cell-label=\"N\u00ba\" class=\"ts-advanced-tables-cell ts-cell-horizontal-left ts-cell-vertical-middle  \"  data-cell-type=\"text\" data-cell-format=\"text\" data-cell-column=\"1\" data-cell-row=\"5\" data-cell-count=\"12\" data-cell-value=\"MTIw\" data-cell-override=\"\" data-cell-locale=\"es-ES\" data-cell-symbol=\"\u20ac\" >120<\/td><td    data-cell-label=\"Asignatura\" class=\"ts-advanced-tables-cell ts-cell-horizontal-left ts-cell-vertical-middle  \"  data-cell-type=\"text\" data-cell-format=\"text\" data-cell-column=\"2\" data-cell-row=\"5\" data-cell-count=\"13\" data-cell-value=\"RElSRUNDScOTTiBERSBPUEVSQUNJT05FUyBFTiBPUkdBTklaQUNJT05FUyBUVVLDjVNUSUNBUyBJSSAtR1JVUE9TIDEgWSAzIC0gQ1VBREVSTk8gREUgTk9UQVMgREVMIFRFTUEgMSAoIEVQw41HUkFGRVMgMS4zIFkgMS40ICkgQU5UT05JTyBSVUla\" data-cell-override=\"\" data-cell-locale=\"es-ES\" data-cell-symbol=\"\u20ac\" >DIRECCI\u00d3N DE OPERACIONES EN ORGANIZACIONES TUR\u00cdSTICAS II -GRUPOS 1 Y 3 - CUADERNO DE NOTAS DEL TEMA 1 ( EP\u00cdGRAFES 1.3 Y 1.4 ) ANTONIO RUIZ<\/td><td    data-cell-label=\"Precio\" class=\"ts-advanced-tables-cell ts-cell-horizontal-left ts-cell-vertical-middle  \"  data-cell-type=\"text\" data-cell-format=\"text\" data-cell-column=\"3\" data-cell-row=\"5\" data-cell-count=\"14\" data-cell-value=\"MC41MA==\" data-cell-override=\"\" data-cell-locale=\"es-ES\" data-cell-symbol=\"\u20ac\" >0.50<\/td><\/tr><tr><td style=\"display: none;\"><\/td><td   data-cell-scope=\"row\" data-cell-label=\"N\u00ba\" class=\"ts-advanced-tables-cell ts-cell-horizontal-left ts-cell-vertical-middle  \"  data-cell-type=\"text\" data-cell-format=\"text\" data-cell-column=\"1\" data-cell-row=\"6\" data-cell-count=\"15\" data-cell-value=\"MTQx\" data-cell-override=\"\" data-cell-locale=\"es-ES\" data-cell-symbol=\"\u20ac\" >141<\/td><td    data-cell-label=\"Asignatura\" class=\"ts-advanced-tables-cell ts-cell-horizontal-left ts-cell-vertical-middle  \"  data-cell-type=\"text\" data-cell-format=\"text\" data-cell-column=\"2\" data-cell-row=\"6\" data-cell-count=\"16\" data-cell-value=\"RElSRUNDScOTTiBERSBPUEVSQUNJT05FUyBFTiBPUkdBTklaQUNJT05FUyBUVVLDjVNUSUNBUyBJSSAtIEdSVVBPIDEgWSAzIC0gQ1VBREVSTk8gREUgTk9UQVMgREVMIFRFTUEgMi1BTlRPTklPIFJVSVogSklNRU5FWg==\" data-cell-override=\"\" data-cell-locale=\"es-ES\" data-cell-symbol=\"\u20ac\" >DIRECCI\u00d3N DE OPERACIONES EN ORGANIZACIONES TUR\u00cdSTICAS II - GRUPO 1 Y 3 - CUADERNO DE NOTAS DEL TEMA 2-ANTONIO RUIZ JIMENEZ<\/td><td    data-cell-label=\"Precio\" class=\"ts-advanced-tables-cell ts-cell-horizontal-left ts-cell-vertical-middle  \"  data-cell-type=\"text\" data-cell-format=\"text\" data-cell-column=\"3\" data-cell-row=\"6\" data-cell-count=\"17\" data-cell-value=\"MS4zMA==\" data-cell-override=\"\" data-cell-locale=\"es-ES\" data-cell-symbol=\"\u20ac\" >1.30<\/td><\/tr><tr><td style=\"display: none;\"><\/td><td   data-cell-scope=\"row\" data-cell-label=\"N\u00ba\" class=\"ts-advanced-tables-cell ts-cell-horizontal-left ts-cell-vertical-middle  \"  data-cell-type=\"text\" data-cell-format=\"text\" data-cell-column=\"1\" data-cell-row=\"7\" data-cell-count=\"18\" data-cell-value=\"MTY0\" data-cell-override=\"\" data-cell-locale=\"es-ES\" data-cell-symbol=\"\u20ac\" >164<\/td><td    data-cell-label=\"Asignatura\" class=\"ts-advanced-tables-cell ts-cell-horizontal-left ts-cell-vertical-middle  \"  data-cell-type=\"text\" data-cell-format=\"text\" data-cell-column=\"2\" data-cell-row=\"7\" data-cell-count=\"19\" data-cell-value=\"RElSRUNDScOTTiBERSBPUEVSQUNJT05FUyBFTiBPUkdBTklaQUNJT05FUyBUVVLDjVNUSUNBUyAtIEdSVVBPUyAxIFkgMyA6IENVQURFUk5PIERFIE5PVEFTIERFTCBURU1BIDMgLSBBTlRPTklPIFJVSVo=\" data-cell-override=\"\" data-cell-locale=\"es-ES\" data-cell-symbol=\"\u20ac\" >DIRECCI\u00d3N DE OPERACIONES EN ORGANIZACIONES TUR\u00cdSTICAS - GRUPOS 1 Y 3 : CUADERNO DE NOTAS DEL TEMA 3 - ANTONIO RUIZ<\/td><td    data-cell-label=\"Precio\" class=\"ts-advanced-tables-cell ts-cell-horizontal-left ts-cell-vertical-middle  \"  data-cell-type=\"text\" data-cell-format=\"text\" data-cell-column=\"3\" data-cell-row=\"7\" data-cell-count=\"20\" data-cell-value=\"MS40MA==\" data-cell-override=\"\" data-cell-locale=\"es-ES\" data-cell-symbol=\"\u20ac\" >1.40<\/td><\/tr><tr><td style=\"display: none;\"><\/td><td   data-cell-scope=\"row\" data-cell-label=\"N\u00ba\" class=\"ts-advanced-tables-cell ts-cell-horizontal-left ts-cell-vertical-middle  \"  data-cell-type=\"text\" data-cell-format=\"text\" data-cell-column=\"1\" data-cell-row=\"8\" data-cell-count=\"21\" data-cell-value=\"MTg0\" data-cell-override=\"\" data-cell-locale=\"es-ES\" data-cell-symbol=\"\u20ac\" >184<\/td><td    data-cell-label=\"Asignatura\" class=\"ts-advanced-tables-cell ts-cell-horizontal-left ts-cell-vertical-middle  \"  data-cell-type=\"text\" data-cell-format=\"text\" data-cell-column=\"2\" data-cell-row=\"8\" data-cell-count=\"22\" data-cell-value=\"RElSRUNDScOTTiBERSBPUEVSQUNJT05FUyBFTiBPUkdBTklaQUNJT05FUyBUVVLDjVNUSUNBUyBJSSAtIEdSVVBPUyAxIFkgMyBDVUFERVJOTyBERSBOT1RBUyBERUwgVEVNQSA0IC0gQU5UT05JTyBSVUla\" data-cell-override=\"\" data-cell-locale=\"es-ES\" data-cell-symbol=\"\u20ac\" >DIRECCI\u00d3N DE OPERACIONES EN ORGANIZACIONES TUR\u00cdSTICAS II - GRUPOS 1 Y 3 CUADERNO DE NOTAS DEL TEMA 4 - ANTONIO RUIZ<\/td><td    data-cell-label=\"Precio\" class=\"ts-advanced-tables-cell ts-cell-horizontal-left ts-cell-vertical-middle  \"  data-cell-type=\"text\" data-cell-format=\"text\" data-cell-column=\"3\" data-cell-row=\"8\" data-cell-count=\"23\" data-cell-value=\"MC42MA==\" data-cell-override=\"\" data-cell-locale=\"es-ES\" data-cell-symbol=\"\u20ac\" >0.60<\/td><\/tr><tr><td style=\"display: none;\"><\/td><td   data-cell-scope=\"row\" data-cell-label=\"N\u00ba\" class=\"ts-advanced-tables-cell ts-cell-horizontal-left ts-cell-vertical-middle  \"  data-cell-type=\"text\" data-cell-format=\"text\" data-cell-column=\"1\" data-cell-row=\"9\" data-cell-count=\"24\" data-cell-value=\"MTg5\" data-cell-override=\"\" data-cell-locale=\"es-ES\" data-cell-symbol=\"\u20ac\" >189<\/td><td    data-cell-label=\"Asignatura\" class=\"ts-advanced-tables-cell ts-cell-horizontal-left ts-cell-vertical-middle  \"  data-cell-type=\"text\" data-cell-format=\"text\" data-cell-column=\"2\" data-cell-row=\"9\" data-cell-count=\"25\" data-cell-value=\"RElSRUNDScOTTiBERSBPUEVSQUNJT05FUyBFTiBPUkdBTklaQUNJT05FUyBUVVLDjVNUSUNBUyBJSSAtIEdSVVBPIDFZIDM6IENVQURFUk5PIERFIE5PVEFTIERFTCBURU1BIDUgLUFOVE9OSU8gUlVJWiBKSU1FTkVa\" data-cell-override=\"\" data-cell-locale=\"es-ES\" data-cell-symbol=\"\u20ac\" >DIRECCI\u00d3N DE OPERACIONES EN ORGANIZACIONES TUR\u00cdSTICAS II - GRUPO 1Y 3: CUADERNO DE NOTAS DEL TEMA 5 -ANTONIO RUIZ JIMENEZ<\/td><td    data-cell-label=\"Precio\" class=\"ts-advanced-tables-cell ts-cell-horizontal-left ts-cell-vertical-middle  \"  data-cell-type=\"text\" data-cell-format=\"text\" data-cell-column=\"3\" data-cell-row=\"9\" data-cell-count=\"26\" data-cell-value=\"MS4wMA==\" data-cell-override=\"\" data-cell-locale=\"es-ES\" data-cell-symbol=\"\u20ac\" >1.00<\/td><\/tr><\/tbody><\/table><\/div><\/div><\/div><\/div><\/div><\/div><\/div><div class=\"vc-parent-row row-default\"><div class=\"vc_row wpb_row vc_row-fluid\"><div class=\"wpb_column vc_column_container vc_col-sm-12\"><div class=\"vc_column-inner \"><div class=\"wpb_wrapper\">\n\t<div class=\"wpb_raw_code wpb_content_element wpb_raw_html\" >\n\t\t<div class=\"wpb_wrapper\">\n\t\t\t<div style=\"height:80px;\"><\/div>\n\t\t<\/div>\n\t<\/div>\n<\/div><\/div><\/div><\/div><\/div>\n","protected":false},"excerpt":{"rendered":"N\u00baAsignaturaPrecio11GESTI\u00d3N DE LOS RECURSOS HUMANOS EN EL SECTOR TUR\u00cdSTICO - TEMAS 1 AL 4 Y CASOS PR\u00c1CTICOS N\u00aa 1 Y 2 - TODOS LOS GRUPOS - MANUEL GONZ\u00c1LEZ REND\u00d3N6.1063GESTI\u00d3N DE LOS RECURSOS HUMANOS EN EL SECTOR TUR\u00cdSTICO- TODOS LOS GRUPOS - TEMAS 5 A 8 Y CASOS PR\u00c1CTICOS N. 3 Y 4 - MANUEL GONZALEZ&hellip;","protected":false},"author":1,"featured_media":0,"parent":0,"menu_order":0,"comment_status":"closed","ping_status":"closed","template":"","meta":[],"acf":[],"_links":{"self":[{"href":"https:\/\/copiarte.es\/index.php?rest_route=\/wp\/v2\/pages\/6832"}],"collection":[{"href":"https:\/\/copiarte.es\/index.php?rest_route=\/wp\/v2\/pages"}],"about":[{"href":"https:\/\/copiarte.es\/index.php?rest_route=\/wp\/v2\/types\/page"}],"author":[{"embeddable":true,"href":"https:\/\/copiarte.es\/index.php?rest_route=\/wp\/v2\/users\/1"}],"replies":[{"embeddable":true,"href":"https:\/\/copiarte.es\/index.php?rest_route=%2Fwp%2Fv2%2Fcomments&post=6832"}],"version-history":[{"count":2,"href":"https:\/\/copiarte.es\/index.php?rest_route=\/wp\/v2\/pages\/6832\/revisions"}],"predecessor-version":[{"id":6834,"href":"https:\/\/copiarte.es\/index.php?rest_route=\/wp\/v2\/pages\/6832\/revisions\/6834"}],"wp:attachment":[{"href":"https:\/\/copiarte.es\/index.php?rest_route=%2Fwp%2Fv2%2Fmedia&parent=6832"}],"curies":[{"name":"wp","href":"https:\/\/api.w.org\/{rel}","templated":true}]}}