{"id":6842,"date":"2025-07-23T16:32:07","date_gmt":"2025-07-23T16:32:07","guid":{"rendered":"https:\/\/copiarte.es\/?page_id=6842"},"modified":"2025-07-23T16:32:40","modified_gmt":"2025-07-23T16:32:40","slug":"1-grado-a-d-e-25-26","status":"publish","type":"page","link":"https:\/\/copiarte.es\/?page_id=6842","title":{"rendered":"1 Grado A.D.E. 25-26"},"content":{"rendered":"<div class=\"vc-parent-row row-default\"><div class=\"vc_row wpb_row vc_row-fluid\"><div class=\"wpb_column vc_column_container vc_col-sm-12\"><div class=\"vc_column-inner \"><div class=\"wpb_wrapper\"><div id=\"ts-advanced-tables-container-4739251\" class=\"ts-advanced-tables-container ts-advanced-tables-processing    ts-datatables-container ts-datatables-theme-default\"><div id=\"ts-advanced-tables-wrapper-4739251\" class=\"ts-advanced-tables-wrapper\"><table id=\"ts-advanced-tables-datatable-4739251\" class=\"ts-advanced-tables-datatable  display responsive\" data-preloader=\"ts-advanced-tables-preloader-wrapper-4739251\" data-columns-html=\"\" data-columns-date=\"\" data-columns-time=\"\" data-columns-numeric=\"\" data-columns-currency=\"\" data-columns-percent=\"\" data-default-numeric=\"0,0.00\" data-default-currency=\"$0,0.00\" data-default-percent=\"0.00%\" data-default-date=\"MM-DD-YYYY\" data-default-time=\"HH:mm\" data-comment-date=\"MM-DD-YYYY\" data-comment-time=\"HH:mm\" data-format-savemeta=\"true\" data-format-source=\"metadata\" data-breakpoint-desktop=\"Infinity\" data-breakpoint-tabletl=\"1024\" data-breakpoint-tabletp=\"768\" data-breakpoint-mobilel=\"480\" data-breakpoint-mobilep=\"320\" data-responsive-type=\"ts-advanced-tables-none\" data-responsive-switch=\"640\" data-responsive-active=\"false\" data-responsive-heighttype=\"none\" data-responsive-heightpixel=\"800\" data-responsive-heightpercent=\"75\" data-datatable-use=\"true\" data-datatable-columns=\"3\" data-datatable-rows=\"12\" data-datatable-search=\"true\" data-datatable-info=\"true\" data-datatable-togglerow=\"false\" data-datatable-pages=\"false\" data-datatable-pagetype=\"simple_numbers\" data-datatable-pageselect=\"5,10\" data-datatable-length=\"10\" data-datatable-sort=\"false\" data-datatable-initial=\"1\" data-datatable-order=\"asc\" data-datatable-topfixed=\"false\" data-datatable-topoffset=\"0\" data-datatable-bottomfixed=\"false\" data-datatable-bottomoffset=\"0\" data-datatable-buttons=\"true\" data-datatable-printshow=\"true\" data-datatable-pdfshow=\"true\" data-datatable-csvshow=\"true\" data-datatable-excelshow=\"true\" data-datatable-copyshow=\"false\" data-datatable-printtext=\"Imprimir\" data-datatable-pdftext=\"PDF\" data-datatable-csvtext=\"CSV\" data-datatable-exceltext=\"Excel\" data-datatable-copytext=\"Copy\" data-datatable-textprocessing=\"Processing ...\" data-datatable-textlengthmenu=\"Show _MENU_ Entries\" data-datatable-textlengthall=\"All\" data-datatable-textinfomain=\"Showing _START_ to _END_ of _TOTAL_ Entries\" data-datatable-textinfoempty=\"No Entries To Show!\" data-datatable-textinfofiltered=\"- filtered from _MAX_ records.\" data-datatable-textsearch=\"Buscar:\" data-datatable-textplaceholder=\"Introduce asignatura\" data-datatable-textzerorecords=\"No Entries To Show!\" data-datatable-textfirst=\"First\" data-datatable-textprevious=\"Previous\" data-datatable-textnext=\"Next\" data-datatable-textlast=\"Last\" data-tablesaw-use=\"false\" data-footable-use=\"false\"><thead><tr><th class=\"control\" data-cell-scope=\"control\" data-priority=\"1\" data-orderable=\"false\" data-searchable=\"false\" style=\"display: none;\"><\/th><th  data-type=\"html\" data-cell-scope=\"col\" scope=\"col\" data-orderable=\"true\" data-searchable=\"true\"  class=\"ts-advanced-tables-cell ts-cell-horizontal-left ts-cell-vertical-middle ts-cell-background-cfcbcf            \"  data-cell-type=\"text\" data-cell-format=\"text\" data-cell-column=\"1\" data-cell-row=\"1\" data-cell-count=\"0\" data-cell-value=\"TsK6\" data-cell-override=\"\" data-cell-locale=\"es-ES\" data-cell-symbol=\"\u20ac\" >N\u00ba<\/th><th  data-type=\"html\" data-cell-scope=\"col\" scope=\"col\" data-orderable=\"true\" data-searchable=\"true\"  class=\"ts-advanced-tables-cell ts-cell-horizontal-left ts-cell-vertical-middle ts-cell-background-cfcbcf            \"  data-cell-type=\"text\" data-cell-format=\"text\" data-cell-column=\"2\" data-cell-row=\"1\" data-cell-count=\"1\" data-cell-value=\"QXNpZ25hdHVyYQ==\" data-cell-override=\"\" data-cell-locale=\"es-ES\" data-cell-symbol=\"\u20ac\" >Asignatura<\/th><th  data-type=\"html\" data-cell-scope=\"col\" scope=\"col\" data-orderable=\"true\" data-searchable=\"true\"  class=\"ts-advanced-tables-cell ts-cell-horizontal-left ts-cell-vertical-middle ts-cell-background-cfcbcf            \"  data-cell-type=\"text\" data-cell-format=\"text\" data-cell-column=\"3\" data-cell-row=\"1\" data-cell-count=\"2\" data-cell-value=\"UHJlY2lv\" data-cell-override=\"\" data-cell-locale=\"es-ES\" data-cell-symbol=\"\u20ac\" >Precio<\/th><\/tr><\/thead><tbody><tr><td style=\"display: none;\"><\/td><td   data-cell-scope=\"row\" data-cell-label=\"N\u00ba\" class=\"ts-advanced-tables-cell ts-cell-horizontal-left ts-cell-vertical-middle  \"  data-cell-type=\"text\" data-cell-format=\"text\" data-cell-column=\"1\" data-cell-row=\"2\" data-cell-count=\"3\" data-cell-value=\"Mg==\" data-cell-override=\"\" data-cell-locale=\"es-ES\" data-cell-symbol=\"\u20ac\" >2<\/td><td    data-cell-label=\"Asignatura\" class=\"ts-advanced-tables-cell ts-cell-horizontal-left ts-cell-vertical-middle  \"  data-cell-type=\"text\" data-cell-format=\"text\" data-cell-column=\"2\" data-cell-row=\"2\" data-cell-count=\"4\" data-cell-value=\"UFJPR1JBTUEgRVNUQUTDjVNUSUNBUyAyNS0yNiAtIEFOVE9OSU8gUEFKQVJFUyAtIFBBUkEgVE9ET1MgTE9TIEdSVVBPUw==\" data-cell-override=\"\" data-cell-locale=\"es-ES\" data-cell-symbol=\"\u20ac\" >PROGRAMA ESTAD\u00cdSTICAS 25-26 - ANTONIO PAJARES - PARA TODOS LOS GRUPOS<\/td><td    data-cell-label=\"Precio\" class=\"ts-advanced-tables-cell ts-cell-horizontal-left ts-cell-vertical-middle  \"  data-cell-type=\"text\" data-cell-format=\"text\" data-cell-column=\"3\" data-cell-row=\"2\" data-cell-count=\"5\" data-cell-value=\"MC4zMA==\" data-cell-override=\"\" data-cell-locale=\"es-ES\" data-cell-symbol=\"\u20ac\" >0.30<\/td><\/tr><tr><td style=\"display: none;\"><\/td><td   data-cell-scope=\"row\" data-cell-label=\"N\u00ba\" class=\"ts-advanced-tables-cell ts-cell-horizontal-left ts-cell-vertical-middle  \"  data-cell-type=\"text\" data-cell-format=\"text\" data-cell-column=\"1\" data-cell-row=\"3\" data-cell-count=\"6\" data-cell-value=\"Mw==\" data-cell-override=\"\" data-cell-locale=\"es-ES\" data-cell-symbol=\"\u20ac\" >3<\/td><td    data-cell-label=\"Asignatura\" class=\"ts-advanced-tables-cell ts-cell-horizontal-left ts-cell-vertical-middle  \"  data-cell-type=\"text\" data-cell-format=\"text\" data-cell-column=\"2\" data-cell-row=\"3\" data-cell-count=\"7\" data-cell-value=\"RVNUQUTDjVNUSUNBUyAtIFRFT1LDjUEgUkVMQUNJw5NOIDI1LTI2IC0gQU5UT05JTyBQQUpBUkVTIC0gUEFSQSBUT0RPUyBMT1MgR1JVUE9T\" data-cell-override=\"\" data-cell-locale=\"es-ES\" data-cell-symbol=\"\u20ac\" >ESTAD\u00cdSTICAS - TEOR\u00cdA RELACI\u00d3N 25-26 - ANTONIO PAJARES - PARA TODOS LOS GRUPOS<\/td><td    data-cell-label=\"Precio\" class=\"ts-advanced-tables-cell ts-cell-horizontal-left ts-cell-vertical-middle  \"  data-cell-type=\"text\" data-cell-format=\"text\" data-cell-column=\"3\" data-cell-row=\"3\" data-cell-count=\"8\" data-cell-value=\"MC41MA==\" data-cell-override=\"\" data-cell-locale=\"es-ES\" data-cell-symbol=\"\u20ac\" >0.50<\/td><\/tr><tr><td style=\"display: none;\"><\/td><td   data-cell-scope=\"row\" data-cell-label=\"N\u00ba\" class=\"ts-advanced-tables-cell ts-cell-horizontal-left ts-cell-vertical-middle  \"  data-cell-type=\"text\" data-cell-format=\"text\" data-cell-column=\"1\" data-cell-row=\"4\" data-cell-count=\"9\" data-cell-value=\"NA==\" data-cell-override=\"\" data-cell-locale=\"es-ES\" data-cell-symbol=\"\u20ac\" >4<\/td><td    data-cell-label=\"Asignatura\" class=\"ts-advanced-tables-cell ts-cell-horizontal-left ts-cell-vertical-middle  \"  data-cell-type=\"text\" data-cell-format=\"text\" data-cell-column=\"2\" data-cell-row=\"4\" data-cell-count=\"10\" data-cell-value=\"RVNUQUTDjVNUSUNBUyAtIEZPUk1VTEFSSU8gMSAgLTI1LTI2IC1BTlRPTklPIFBBSkFSRVMgLVBBUkEgVE9ET1MgTE9TIEdSVVBPUw==\" data-cell-override=\"\" data-cell-locale=\"es-ES\" data-cell-symbol=\"\u20ac\" >ESTAD\u00cdSTICAS - FORMULARIO 1  -25-26 -ANTONIO PAJARES -PARA TODOS LOS GRUPOS<\/td><td    data-cell-label=\"Precio\" class=\"ts-advanced-tables-cell ts-cell-horizontal-left ts-cell-vertical-middle  \"  data-cell-type=\"text\" data-cell-format=\"text\" data-cell-column=\"3\" data-cell-row=\"4\" data-cell-count=\"11\" data-cell-value=\"MC4yMA==\" data-cell-override=\"\" data-cell-locale=\"es-ES\" data-cell-symbol=\"\u20ac\" >0.20<\/td><\/tr><tr><td style=\"display: none;\"><\/td><td   data-cell-scope=\"row\" data-cell-label=\"N\u00ba\" class=\"ts-advanced-tables-cell ts-cell-horizontal-left ts-cell-vertical-middle  \"  data-cell-type=\"text\" data-cell-format=\"text\" data-cell-column=\"1\" data-cell-row=\"5\" data-cell-count=\"12\" data-cell-value=\"NQ==\" data-cell-override=\"\" data-cell-locale=\"es-ES\" data-cell-symbol=\"\u20ac\" >5<\/td><td    data-cell-label=\"Asignatura\" class=\"ts-advanced-tables-cell ts-cell-horizontal-left ts-cell-vertical-middle  \"  data-cell-type=\"text\" data-cell-format=\"text\" data-cell-column=\"2\" data-cell-row=\"5\" data-cell-count=\"13\" data-cell-value=\"RVNUQUTDjVNUSUNBUyAtIEVKRVJDSUNJT1MgUkVMQUNJw5NOIDEgVE9ET1MgTE9TIEdSVVBPUyAtIEFOVE9OSU8gUEFKQVJFUw==\" data-cell-override=\"\" data-cell-locale=\"es-ES\" data-cell-symbol=\"\u20ac\" >ESTAD\u00cdSTICAS - EJERCICIOS RELACI\u00d3N 1 TODOS LOS GRUPOS - ANTONIO PAJARES<\/td><td    data-cell-label=\"Precio\" class=\"ts-advanced-tables-cell ts-cell-horizontal-left ts-cell-vertical-middle  \"  data-cell-type=\"text\" data-cell-format=\"text\" data-cell-column=\"3\" data-cell-row=\"5\" data-cell-count=\"14\" data-cell-value=\"MC45MA==\" data-cell-override=\"\" data-cell-locale=\"es-ES\" data-cell-symbol=\"\u20ac\" >0.90<\/td><\/tr><tr><td style=\"display: none;\"><\/td><td   data-cell-scope=\"row\" data-cell-label=\"N\u00ba\" class=\"ts-advanced-tables-cell ts-cell-horizontal-left ts-cell-vertical-middle  \"  data-cell-type=\"text\" data-cell-format=\"text\" data-cell-column=\"1\" data-cell-row=\"6\" data-cell-count=\"15\" data-cell-value=\"NDc=\" data-cell-override=\"\" data-cell-locale=\"es-ES\" data-cell-symbol=\"\u20ac\" >47<\/td><td    data-cell-label=\"Asignatura\" class=\"ts-advanced-tables-cell ts-cell-horizontal-left ts-cell-vertical-middle  \"  data-cell-type=\"text\" data-cell-format=\"text\" data-cell-column=\"2\" data-cell-row=\"6\" data-cell-count=\"16\" data-cell-value=\"RVNUQUTDjVNUSUNBLSBURU9Sw41BIFJFTEFDScOTTiAtIEFOVE9OSU8gUEFKQVJFUw==\" data-cell-override=\"\" data-cell-locale=\"es-ES\" data-cell-symbol=\"\u20ac\" >ESTAD\u00cdSTICA- TEOR\u00cdA RELACI\u00d3N - ANTONIO PAJARES<\/td><td    data-cell-label=\"Precio\" class=\"ts-advanced-tables-cell ts-cell-horizontal-left ts-cell-vertical-middle  \"  data-cell-type=\"text\" data-cell-format=\"text\" data-cell-column=\"3\" data-cell-row=\"6\" data-cell-count=\"17\" data-cell-value=\"MC4zNQ==\" data-cell-override=\"\" data-cell-locale=\"es-ES\" data-cell-symbol=\"\u20ac\" >0.35<\/td><\/tr><tr><td style=\"display: none;\"><\/td><td   data-cell-scope=\"row\" data-cell-label=\"N\u00ba\" class=\"ts-advanced-tables-cell ts-cell-horizontal-left ts-cell-vertical-middle  \"  data-cell-type=\"text\" data-cell-format=\"text\" data-cell-column=\"1\" data-cell-row=\"7\" data-cell-count=\"18\" data-cell-value=\"NDg=\" data-cell-override=\"\" data-cell-locale=\"es-ES\" data-cell-symbol=\"\u20ac\" >48<\/td><td    data-cell-label=\"Asignatura\" class=\"ts-advanced-tables-cell ts-cell-horizontal-left ts-cell-vertical-middle  \"  data-cell-type=\"text\" data-cell-format=\"text\" data-cell-column=\"2\" data-cell-row=\"7\" data-cell-count=\"19\" data-cell-value=\"RVNUQUTDjVNUSUNBIC0gRk9STVVMQVJJTyAyIC0gQU5UT05JTyBQQUpBUkVT\" data-cell-override=\"\" data-cell-locale=\"es-ES\" data-cell-symbol=\"\u20ac\" >ESTAD\u00cdSTICA - FORMULARIO 2 - ANTONIO PAJARES<\/td><td    data-cell-label=\"Precio\" class=\"ts-advanced-tables-cell ts-cell-horizontal-left ts-cell-vertical-middle  \"  data-cell-type=\"text\" data-cell-format=\"text\" data-cell-column=\"3\" data-cell-row=\"7\" data-cell-count=\"20\" data-cell-value=\"MC4xMA==\" data-cell-override=\"\" data-cell-locale=\"es-ES\" data-cell-symbol=\"\u20ac\" >0.10<\/td><\/tr><tr><td style=\"display: none;\"><\/td><td   data-cell-scope=\"row\" data-cell-label=\"N\u00ba\" class=\"ts-advanced-tables-cell ts-cell-horizontal-left ts-cell-vertical-middle  \"  data-cell-type=\"text\" data-cell-format=\"text\" data-cell-column=\"1\" data-cell-row=\"8\" data-cell-count=\"21\" data-cell-value=\"NDk=\" data-cell-override=\"\" data-cell-locale=\"es-ES\" data-cell-symbol=\"\u20ac\" >49<\/td><td    data-cell-label=\"Asignatura\" class=\"ts-advanced-tables-cell ts-cell-horizontal-left ts-cell-vertical-middle  \"  data-cell-type=\"text\" data-cell-format=\"text\" data-cell-column=\"2\" data-cell-row=\"8\" data-cell-count=\"22\" data-cell-value=\"RVNUQUTDjVNUSUNBIC0gRUpFUkNJQ0lPUyBSRUxBQ0nDk04gMiAtIEFOVE9OSU8gUEFKQVJFUw==\" data-cell-override=\"\" data-cell-locale=\"es-ES\" data-cell-symbol=\"\u20ac\" >ESTAD\u00cdSTICA - EJERCICIOS RELACI\u00d3N 2 - ANTONIO PAJARES<\/td><td    data-cell-label=\"Precio\" class=\"ts-advanced-tables-cell ts-cell-horizontal-left ts-cell-vertical-middle  \"  data-cell-type=\"text\" data-cell-format=\"text\" data-cell-column=\"3\" data-cell-row=\"8\" data-cell-count=\"23\" data-cell-value=\"MC43\" data-cell-override=\"\" data-cell-locale=\"es-ES\" data-cell-symbol=\"\u20ac\" >0.7<\/td><\/tr><tr><td style=\"display: none;\"><\/td><td   data-cell-scope=\"row\" data-cell-label=\"N\u00ba\" class=\"ts-advanced-tables-cell ts-cell-horizontal-left ts-cell-vertical-middle  \"  data-cell-type=\"text\" data-cell-format=\"text\" data-cell-column=\"1\" data-cell-row=\"9\" data-cell-count=\"24\" data-cell-value=\"NjQ=\" data-cell-override=\"\" data-cell-locale=\"es-ES\" data-cell-symbol=\"\u20ac\" >64<\/td><td    data-cell-label=\"Asignatura\" class=\"ts-advanced-tables-cell ts-cell-horizontal-left ts-cell-vertical-middle  \"  data-cell-type=\"text\" data-cell-format=\"text\" data-cell-column=\"2\" data-cell-row=\"9\" data-cell-count=\"25\" data-cell-value=\"RVNUQUTDjVNUSUNBIC0gVEVPUsONQSBSRUxBQ0nDk04gMy0gQkxPUVVFIDMgLSBBTlRPTklPIFBBSkFSRVM=\" data-cell-override=\"\" data-cell-locale=\"es-ES\" data-cell-symbol=\"\u20ac\" >ESTAD\u00cdSTICA - TEOR\u00cdA RELACI\u00d3N 3- BLOQUE 3 - ANTONIO PAJARES<\/td><td    data-cell-label=\"Precio\" class=\"ts-advanced-tables-cell ts-cell-horizontal-left ts-cell-vertical-middle  \"  data-cell-type=\"text\" data-cell-format=\"text\" data-cell-column=\"3\" data-cell-row=\"9\" data-cell-count=\"26\" data-cell-value=\"MC40MA==\" data-cell-override=\"\" data-cell-locale=\"es-ES\" data-cell-symbol=\"\u20ac\" >0.40<\/td><\/tr><tr><td style=\"display: none;\"><\/td><td   data-cell-scope=\"row\" data-cell-label=\"N\u00ba\" class=\"ts-advanced-tables-cell ts-cell-horizontal-left ts-cell-vertical-middle  \"  data-cell-type=\"text\" data-cell-format=\"text\" data-cell-column=\"1\" data-cell-row=\"10\" data-cell-count=\"27\" data-cell-value=\"NjU=\" data-cell-override=\"\" data-cell-locale=\"es-ES\" data-cell-symbol=\"\u20ac\" >65<\/td><td    data-cell-label=\"Asignatura\" class=\"ts-advanced-tables-cell ts-cell-horizontal-left ts-cell-vertical-middle  \"  data-cell-type=\"text\" data-cell-format=\"text\" data-cell-column=\"2\" data-cell-row=\"10\" data-cell-count=\"28\" data-cell-value=\"RVNUQUTDjVNUSUNBIC0gRk9STVVMQVJJTyAtQkxPUVVFIDMgLSBBTlRPTklPIFBBSkFSRVM=\" data-cell-override=\"\" data-cell-locale=\"es-ES\" data-cell-symbol=\"\u20ac\" >ESTAD\u00cdSTICA - FORMULARIO -BLOQUE 3 - ANTONIO PAJARES<\/td><td    data-cell-label=\"Precio\" class=\"ts-advanced-tables-cell ts-cell-horizontal-left ts-cell-vertical-middle  \"  data-cell-type=\"text\" data-cell-format=\"text\" data-cell-column=\"3\" data-cell-row=\"10\" data-cell-count=\"29\" data-cell-value=\"MC4xMA==\" data-cell-override=\"\" data-cell-locale=\"es-ES\" data-cell-symbol=\"\u20ac\" >0.10<\/td><\/tr><tr><td style=\"display: none;\"><\/td><td   data-cell-scope=\"row\" data-cell-label=\"N\u00ba\" class=\"ts-advanced-tables-cell ts-cell-horizontal-left ts-cell-vertical-middle  \"  data-cell-type=\"text\" data-cell-format=\"text\" data-cell-column=\"1\" data-cell-row=\"11\" data-cell-count=\"30\" data-cell-value=\"NjY=\" data-cell-override=\"\" data-cell-locale=\"es-ES\" data-cell-symbol=\"\u20ac\" >66<\/td><td    data-cell-label=\"Asignatura\" class=\"ts-advanced-tables-cell ts-cell-horizontal-left ts-cell-vertical-middle  \"  data-cell-type=\"text\" data-cell-format=\"text\" data-cell-column=\"2\" data-cell-row=\"11\" data-cell-count=\"31\" data-cell-value=\"RVNUQUTDjVNUSUNBIC0gRUpFUkNJQ0lPUyBSRUxBQ0nDk04gMyAtIEFOVE9OSU8gUEFKQVJFUw==\" data-cell-override=\"\" data-cell-locale=\"es-ES\" data-cell-symbol=\"\u20ac\" >ESTAD\u00cdSTICA - EJERCICIOS RELACI\u00d3N 3 - ANTONIO PAJARES<\/td><td    data-cell-label=\"Precio\" class=\"ts-advanced-tables-cell ts-cell-horizontal-left ts-cell-vertical-middle  \"  data-cell-type=\"text\" data-cell-format=\"text\" data-cell-column=\"3\" data-cell-row=\"11\" data-cell-count=\"32\" data-cell-value=\"MC45MA==\" data-cell-override=\"\" data-cell-locale=\"es-ES\" data-cell-symbol=\"\u20ac\" >0.90<\/td><\/tr><tr><td style=\"display: none;\"><\/td><td   data-cell-scope=\"row\" data-cell-label=\"N\u00ba\" class=\"ts-advanced-tables-cell ts-cell-horizontal-left ts-cell-vertical-middle  \"  data-cell-type=\"text\" data-cell-format=\"text\" data-cell-column=\"1\" data-cell-row=\"12\" data-cell-count=\"33\" data-cell-value=\"OTg=\" data-cell-override=\"\" data-cell-locale=\"es-ES\" data-cell-symbol=\"\u20ac\" >98<\/td><td    data-cell-label=\"Asignatura\" class=\"ts-advanced-tables-cell ts-cell-horizontal-left ts-cell-vertical-middle  \"  data-cell-type=\"text\" data-cell-format=\"text\" data-cell-column=\"2\" data-cell-row=\"12\" data-cell-count=\"34\" data-cell-value=\"RVNUQUTDjVNUSUNBIC0gMSBQUklNRVJBIENPTlZPQ0FUT1JJQSBURU9Sw41BIFkgUFJPQkxFTUEtIEVYQU1FTi0gQU5UT05JTyBQQUpBUkVT\" data-cell-override=\"\" data-cell-locale=\"es-ES\" data-cell-symbol=\"\u20ac\" >ESTAD\u00cdSTICA - 1 PRIMERA CONVOCATORIA TEOR\u00cdA Y PROBLEMA- EXAMEN- ANTONIO PAJARES<\/td><td    data-cell-label=\"Precio\" class=\"ts-advanced-tables-cell ts-cell-horizontal-left ts-cell-vertical-middle  \"  data-cell-type=\"text\" data-cell-format=\"text\" data-cell-column=\"3\" data-cell-row=\"12\" data-cell-count=\"35\" data-cell-value=\"MC4zMA==\" data-cell-override=\"\" data-cell-locale=\"es-ES\" data-cell-symbol=\"\u20ac\" >0.30<\/td><\/tr><\/tbody><\/table><\/div><\/div><\/div><\/div><\/div><\/div><\/div><div class=\"vc-parent-row row-default\"><div class=\"vc_row wpb_row vc_row-fluid\"><div class=\"wpb_column vc_column_container vc_col-sm-12\"><div class=\"vc_column-inner \"><div class=\"wpb_wrapper\">\n\t<div class=\"wpb_raw_code wpb_content_element wpb_raw_html\" >\n\t\t<div class=\"wpb_wrapper\">\n\t\t\t<div style=\"height:80px;\"><\/div>\n\t\t<\/div>\n\t<\/div>\n<\/div><\/div><\/div><\/div><\/div>\n","protected":false},"excerpt":{"rendered":"N\u00baAsignaturaPrecio2PROGRAMA ESTAD\u00cdSTICAS 25-26 - ANTONIO PAJARES - PARA TODOS LOS GRUPOS0.303ESTAD\u00cdSTICAS - TEOR\u00cdA RELACI\u00d3N 25-26 - ANTONIO PAJARES - PARA TODOS LOS GRUPOS0.504ESTAD\u00cdSTICAS - FORMULARIO 1 -25-26 -ANTONIO PAJARES -PARA TODOS LOS GRUPOS0.205ESTAD\u00cdSTICAS - EJERCICIOS RELACI\u00d3N 1 TODOS LOS GRUPOS - ANTONIO PAJARES0.9047ESTAD\u00cdSTICA- TEOR\u00cdA RELACI\u00d3N - ANTONIO PAJARES0.3548ESTAD\u00cdSTICA - FORMULARIO 2 - ANTONIO PAJARES0.1049ESTAD\u00cdSTICA -&hellip;","protected":false},"author":1,"featured_media":0,"parent":0,"menu_order":0,"comment_status":"closed","ping_status":"closed","template":"","meta":[],"acf":[],"_links":{"self":[{"href":"https:\/\/copiarte.es\/index.php?rest_route=\/wp\/v2\/pages\/6842"}],"collection":[{"href":"https:\/\/copiarte.es\/index.php?rest_route=\/wp\/v2\/pages"}],"about":[{"href":"https:\/\/copiarte.es\/index.php?rest_route=\/wp\/v2\/types\/page"}],"author":[{"embeddable":true,"href":"https:\/\/copiarte.es\/index.php?rest_route=\/wp\/v2\/users\/1"}],"replies":[{"embeddable":true,"href":"https:\/\/copiarte.es\/index.php?rest_route=%2Fwp%2Fv2%2Fcomments&post=6842"}],"version-history":[{"count":2,"href":"https:\/\/copiarte.es\/index.php?rest_route=\/wp\/v2\/pages\/6842\/revisions"}],"predecessor-version":[{"id":6845,"href":"https:\/\/copiarte.es\/index.php?rest_route=\/wp\/v2\/pages\/6842\/revisions\/6845"}],"wp:attachment":[{"href":"https:\/\/copiarte.es\/index.php?rest_route=%2Fwp%2Fv2%2Fmedia&parent=6842"}],"curies":[{"name":"wp","href":"https:\/\/api.w.org\/{rel}","templated":true}]}}