{"id":6922,"date":"2025-07-23T17:16:00","date_gmt":"2025-07-23T17:16:00","guid":{"rendered":"https:\/\/copiarte.es\/?page_id=6922"},"modified":"2025-07-23T17:16:27","modified_gmt":"2025-07-23T17:16:27","slug":"1-infantil-25-26","status":"publish","type":"page","link":"https:\/\/copiarte.es\/?page_id=6922","title":{"rendered":"1 Infantil 25-26"},"content":{"rendered":"<div class=\"vc-parent-row row-default\"><div class=\"vc_row wpb_row vc_row-fluid\"><div class=\"wpb_column vc_column_container vc_col-sm-12\"><div class=\"vc_column-inner \"><div class=\"wpb_wrapper\"><div id=\"ts-advanced-tables-container-8687505\" class=\"ts-advanced-tables-container ts-advanced-tables-processing    ts-datatables-container ts-datatables-theme-default\"><div id=\"ts-advanced-tables-wrapper-8687505\" class=\"ts-advanced-tables-wrapper\"><table id=\"ts-advanced-tables-datatable-8687505\" class=\"ts-advanced-tables-datatable  display responsive\" data-preloader=\"ts-advanced-tables-preloader-wrapper-8687505\" data-columns-html=\"\" data-columns-date=\"\" data-columns-time=\"\" data-columns-numeric=\"\" data-columns-currency=\"\" data-columns-percent=\"\" data-default-numeric=\"0,0.00\" data-default-currency=\"$0,0.00\" data-default-percent=\"0.00%\" data-default-date=\"MM-DD-YYYY\" data-default-time=\"HH:mm\" data-comment-date=\"MM-DD-YYYY\" data-comment-time=\"HH:mm\" data-format-savemeta=\"true\" data-format-source=\"metadata\" data-breakpoint-desktop=\"Infinity\" data-breakpoint-tabletl=\"1024\" data-breakpoint-tabletp=\"768\" data-breakpoint-mobilel=\"480\" data-breakpoint-mobilep=\"320\" data-responsive-type=\"ts-advanced-tables-none\" data-responsive-switch=\"640\" data-responsive-active=\"false\" data-responsive-heighttype=\"none\" data-responsive-heightpixel=\"800\" data-responsive-heightpercent=\"75\" data-datatable-use=\"true\" data-datatable-columns=\"3\" data-datatable-rows=\"7\" data-datatable-search=\"true\" data-datatable-info=\"true\" data-datatable-togglerow=\"false\" data-datatable-pages=\"false\" data-datatable-pagetype=\"simple_numbers\" data-datatable-pageselect=\"5,10\" data-datatable-length=\"10\" data-datatable-sort=\"false\" data-datatable-initial=\"1\" data-datatable-order=\"asc\" data-datatable-topfixed=\"false\" data-datatable-topoffset=\"0\" data-datatable-bottomfixed=\"false\" data-datatable-bottomoffset=\"0\" data-datatable-buttons=\"true\" data-datatable-printshow=\"true\" data-datatable-pdfshow=\"true\" data-datatable-csvshow=\"true\" data-datatable-excelshow=\"true\" data-datatable-copyshow=\"false\" data-datatable-printtext=\"Imprimir\" data-datatable-pdftext=\"PDF\" data-datatable-csvtext=\"CSV\" data-datatable-exceltext=\"Excel\" data-datatable-copytext=\"Copy\" data-datatable-textprocessing=\"Processing ...\" data-datatable-textlengthmenu=\"Show _MENU_ Entries\" data-datatable-textlengthall=\"All\" data-datatable-textinfomain=\"Showing _START_ to _END_ of _TOTAL_ Entries\" data-datatable-textinfoempty=\"No Entries To Show!\" data-datatable-textinfofiltered=\"- filtered from _MAX_ records.\" data-datatable-textsearch=\"Buscar:\" data-datatable-textplaceholder=\"Introduce asignatura\" data-datatable-textzerorecords=\"No Entries To Show!\" data-datatable-textfirst=\"First\" data-datatable-textprevious=\"Previous\" data-datatable-textnext=\"Next\" data-datatable-textlast=\"Last\" data-tablesaw-use=\"false\" data-footable-use=\"false\"><thead><tr><th class=\"control\" data-cell-scope=\"control\" data-priority=\"1\" data-orderable=\"false\" data-searchable=\"false\" style=\"display: none;\"><\/th><th  data-type=\"html\" data-cell-scope=\"col\" scope=\"col\" data-orderable=\"true\" data-searchable=\"true\"  class=\"ts-advanced-tables-cell ts-cell-horizontal-left ts-cell-vertical-middle ts-cell-background-cfcbcf            \"  data-cell-type=\"text\" data-cell-format=\"text\" data-cell-column=\"1\" data-cell-row=\"1\" data-cell-count=\"0\" data-cell-value=\"TsK6\" data-cell-override=\"\" data-cell-locale=\"es-ES\" data-cell-symbol=\"\u20ac\" >N\u00ba<\/th><th  data-type=\"html\" data-cell-scope=\"col\" scope=\"col\" data-orderable=\"true\" data-searchable=\"true\"  class=\"ts-advanced-tables-cell ts-cell-horizontal-left ts-cell-vertical-middle ts-cell-background-cfcbcf            \"  data-cell-type=\"text\" data-cell-format=\"text\" data-cell-column=\"2\" data-cell-row=\"1\" data-cell-count=\"1\" data-cell-value=\"QXNpZ25hdHVyYQ==\" data-cell-override=\"\" data-cell-locale=\"es-ES\" data-cell-symbol=\"\u20ac\" >Asignatura<\/th><th  data-type=\"html\" data-cell-scope=\"col\" scope=\"col\" data-orderable=\"true\" data-searchable=\"true\"  class=\"ts-advanced-tables-cell ts-cell-horizontal-left ts-cell-vertical-middle ts-cell-background-cfcbcf            \"  data-cell-type=\"text\" data-cell-format=\"text\" data-cell-column=\"3\" data-cell-row=\"1\" data-cell-count=\"2\" data-cell-value=\"UHJlY2lv\" data-cell-override=\"\" data-cell-locale=\"es-ES\" data-cell-symbol=\"\u20ac\" >Precio<\/th><\/tr><\/thead><tbody><tr><td style=\"display: none;\"><\/td><td   data-cell-scope=\"row\" data-cell-label=\"N\u00ba\" class=\"ts-advanced-tables-cell ts-cell-horizontal-left ts-cell-vertical-middle  \"  data-cell-type=\"text\" data-cell-format=\"text\" data-cell-column=\"1\" data-cell-row=\"2\" data-cell-count=\"3\" data-cell-value=\"MjA4\" data-cell-override=\"\" data-cell-locale=\"es-ES\" data-cell-symbol=\"\u20ac\" >208<\/td><td    data-cell-label=\"Asignatura\" class=\"ts-advanced-tables-cell ts-cell-horizontal-left ts-cell-vertical-middle  \"  data-cell-type=\"text\" data-cell-format=\"text\" data-cell-column=\"2\" data-cell-row=\"2\" data-cell-count=\"4\" data-cell-value=\"RElBR05PU1RJQ08gRU4gRURVQ0FDScOTTiAtR1JVUE8gMiAtR1VJw5NOIFBST1lFQ1RPIDIwMjUtMjAyNiAtR1VJw5NOIElORk9STUUgVEXDk1JJQ08gMjUtMjYgLUJJQkxJT0dSw4FGSUNBIEFTSUdOQVRVUkEgLSBNwqogUk9TQVJJTyBHSUw=\" data-cell-override=\"\" data-cell-locale=\"es-ES\" data-cell-symbol=\"\u20ac\" >DIAGNOSTICO EN EDUCACI\u00d3N -GRUPO 2 -GUI\u00d3N PROYECTO 2025-2026 -GUI\u00d3N INFORME TE\u00d3RICO 25-26 -BIBLIOGR\u00c1FICA ASIGNATURA - M\u00aa ROSARIO GIL<\/td><td    data-cell-label=\"Precio\" class=\"ts-advanced-tables-cell ts-cell-horizontal-left ts-cell-vertical-middle  \"  data-cell-type=\"text\" data-cell-format=\"text\" data-cell-column=\"3\" data-cell-row=\"2\" data-cell-count=\"5\" data-cell-value=\"MC4zMA==\" data-cell-override=\"\" data-cell-locale=\"es-ES\" data-cell-symbol=\"\u20ac\" >0.30<\/td><\/tr><tr><td style=\"display: none;\"><\/td><td   data-cell-scope=\"row\" data-cell-label=\"N\u00ba\" class=\"ts-advanced-tables-cell ts-cell-horizontal-left ts-cell-vertical-middle  \"  data-cell-type=\"text\" data-cell-format=\"text\" data-cell-column=\"1\" data-cell-row=\"3\" data-cell-count=\"6\" data-cell-value=\"MjU0\" data-cell-override=\"\" data-cell-locale=\"es-ES\" data-cell-symbol=\"\u20ac\" >254<\/td><td    data-cell-label=\"Asignatura\" class=\"ts-advanced-tables-cell ts-cell-horizontal-left ts-cell-vertical-middle  \"  data-cell-type=\"text\" data-cell-format=\"text\" data-cell-column=\"2\" data-cell-row=\"3\" data-cell-count=\"7\" data-cell-value=\"UFNJQ09MT0fDjUEgREUgTEEgRURVQ0FDScOTTiBMRUNUVVJBIEdSVVBPIElJLSBMQSBQU0lDT0xPR8ONQSBDT0dOSVRJVkEgREVMIEFQUkVORElaQUpFIC1NQVLDjUEgREVMIE1BUiBQUkFET1MgLCBKQVZJRVIgT1JURUdBIC0gVE9ET1MgTE9TIEdSVVBPUw==\" data-cell-override=\"\" data-cell-locale=\"es-ES\" data-cell-symbol=\"\u20ac\" >PSICOLOG\u00cdA DE LA EDUCACI\u00d3N LECTURA GRUPO II- LA PSICOLOG\u00cdA COGNITIVA DEL APRENDIZAJE -MAR\u00cdA DEL MAR PRADOS , JAVIER ORTEGA - TODOS LOS GRUPOS<\/td><td    data-cell-label=\"Precio\" class=\"ts-advanced-tables-cell ts-cell-horizontal-left ts-cell-vertical-middle  \"  data-cell-type=\"text\" data-cell-format=\"text\" data-cell-column=\"3\" data-cell-row=\"3\" data-cell-count=\"8\" data-cell-value=\"MS41MA==\" data-cell-override=\"\" data-cell-locale=\"es-ES\" data-cell-symbol=\"\u20ac\" >1.50<\/td><\/tr><tr><td style=\"display: none;\"><\/td><td   data-cell-scope=\"row\" data-cell-label=\"N\u00ba\" class=\"ts-advanced-tables-cell ts-cell-horizontal-left ts-cell-vertical-middle  \"  data-cell-type=\"text\" data-cell-format=\"text\" data-cell-column=\"1\" data-cell-row=\"4\" data-cell-count=\"9\" data-cell-value=\"MjY3\" data-cell-override=\"\" data-cell-locale=\"es-ES\" data-cell-symbol=\"\u20ac\" >267<\/td><td    data-cell-label=\"Asignatura\" class=\"ts-advanced-tables-cell ts-cell-horizontal-left ts-cell-vertical-middle  \"  data-cell-type=\"text\" data-cell-format=\"text\" data-cell-column=\"2\" data-cell-row=\"4\" data-cell-count=\"10\" data-cell-value=\"UFNJQ09MT0fDjUEgREUgTEEgRURVQ0FDScOTTiBHUlVQT1MgMSwyLDMgLSAgUFJBQ1RJQ0EgMiBDT01VTg==\" data-cell-override=\"\" data-cell-locale=\"es-ES\" data-cell-symbol=\"\u20ac\" >PSICOLOG\u00cdA DE LA EDUCACI\u00d3N GRUPOS 1,2,3 -  PRACTICA 2 COMUN<\/td><td    data-cell-label=\"Precio\" class=\"ts-advanced-tables-cell ts-cell-horizontal-left ts-cell-vertical-middle  \"  data-cell-type=\"text\" data-cell-format=\"text\" data-cell-column=\"3\" data-cell-row=\"4\" data-cell-count=\"11\" data-cell-value=\"MC40MA==\" data-cell-override=\"\" data-cell-locale=\"es-ES\" data-cell-symbol=\"\u20ac\" >0.40<\/td><\/tr><tr><td style=\"display: none;\"><\/td><td   data-cell-scope=\"row\" data-cell-label=\"N\u00ba\" class=\"ts-advanced-tables-cell ts-cell-horizontal-left ts-cell-vertical-middle  \"  data-cell-type=\"text\" data-cell-format=\"text\" data-cell-column=\"1\" data-cell-row=\"5\" data-cell-count=\"12\" data-cell-value=\"Mjgy\" data-cell-override=\"\" data-cell-locale=\"es-ES\" data-cell-symbol=\"\u20ac\" >282<\/td><td    data-cell-label=\"Asignatura\" class=\"ts-advanced-tables-cell ts-cell-horizontal-left ts-cell-vertical-middle  \"  data-cell-type=\"text\" data-cell-format=\"text\" data-cell-column=\"2\" data-cell-row=\"5\" data-cell-count=\"13\" data-cell-value=\"UFNJQ09MT0fDjUEgREUgTEEgRURVQ0FDScOTTiAtIFRPRE9TIExPUyBHUlVQT1MgLUxFQ1RVUkEgQkxPUVVFIElJSSAtIEpBVklFUiBPUlRFR0EgIFkgTUFSIFBSQURPUw==\" data-cell-override=\"\" data-cell-locale=\"es-ES\" data-cell-symbol=\"\u20ac\" >PSICOLOG\u00cdA DE LA EDUCACI\u00d3N - TODOS LOS GRUPOS -LECTURA BLOQUE III - JAVIER ORTEGA  Y MAR PRADOS<\/td><td    data-cell-label=\"Precio\" class=\"ts-advanced-tables-cell ts-cell-horizontal-left ts-cell-vertical-middle  \"  data-cell-type=\"text\" data-cell-format=\"text\" data-cell-column=\"3\" data-cell-row=\"5\" data-cell-count=\"14\" data-cell-value=\"MC45MA==\" data-cell-override=\"\" data-cell-locale=\"es-ES\" data-cell-symbol=\"\u20ac\" >0.90<\/td><\/tr><tr><td style=\"display: none;\"><\/td><td   data-cell-scope=\"row\" data-cell-label=\"N\u00ba\" class=\"ts-advanced-tables-cell ts-cell-horizontal-left ts-cell-vertical-middle  \"  data-cell-type=\"text\" data-cell-format=\"text\" data-cell-column=\"1\" data-cell-row=\"6\" data-cell-count=\"15\" data-cell-value=\"Mjg5\" data-cell-override=\"\" data-cell-locale=\"es-ES\" data-cell-symbol=\"\u20ac\" >289<\/td><td    data-cell-label=\"Asignatura\" class=\"ts-advanced-tables-cell ts-cell-horizontal-left ts-cell-vertical-middle  \"  data-cell-type=\"text\" data-cell-format=\"text\" data-cell-column=\"2\" data-cell-row=\"6\" data-cell-count=\"16\" data-cell-value=\"UFNJQ09MT0fDjUEgREUgTEEgRURVQ0FDScOTTiAtIEdSVVBPIDEsMiAtUEwxMV80IC0gSkFWSUVSIE9SVEVHQQ==\" data-cell-override=\"\" data-cell-locale=\"es-ES\" data-cell-symbol=\"\u20ac\" >PSICOLOG\u00cdA DE LA EDUCACI\u00d3N - GRUPO 1,2 -PL11_4 - JAVIER ORTEGA<\/td><td    data-cell-label=\"Precio\" class=\"ts-advanced-tables-cell ts-cell-horizontal-left ts-cell-vertical-middle  \"  data-cell-type=\"text\" data-cell-format=\"text\" data-cell-column=\"3\" data-cell-row=\"6\" data-cell-count=\"17\" data-cell-value=\"MC4zMA==\" data-cell-override=\"\" data-cell-locale=\"es-ES\" data-cell-symbol=\"\u20ac\" >0.30<\/td><\/tr><tr><td style=\"display: none;\"><\/td><td   data-cell-scope=\"row\" data-cell-label=\"N\u00ba\" class=\"ts-advanced-tables-cell ts-cell-horizontal-left ts-cell-vertical-middle  \"  data-cell-type=\"text\" data-cell-format=\"text\" data-cell-column=\"1\" data-cell-row=\"7\" data-cell-count=\"18\" data-cell-value=\"Mjkw\" data-cell-override=\"\" data-cell-locale=\"es-ES\" data-cell-symbol=\"\u20ac\" >290<\/td><td    data-cell-label=\"Asignatura\" class=\"ts-advanced-tables-cell ts-cell-horizontal-left ts-cell-vertical-middle  \"  data-cell-type=\"text\" data-cell-format=\"text\" data-cell-column=\"2\" data-cell-row=\"7\" data-cell-count=\"19\" data-cell-value=\"UFNJQ09MT0fDjUEgREUgTEEgRURVQ0FDScOTTiAtIEdSVVBPIDEsIDItIFBMMTJfNCAtIEpBVklFUiBPUlRFR0E=\" data-cell-override=\"\" data-cell-locale=\"es-ES\" data-cell-symbol=\"\u20ac\" >PSICOLOG\u00cdA DE LA EDUCACI\u00d3N - GRUPO 1, 2- PL12_4 - JAVIER ORTEGA<\/td><td    data-cell-label=\"Precio\" class=\"ts-advanced-tables-cell ts-cell-horizontal-left ts-cell-vertical-middle  \"  data-cell-type=\"text\" data-cell-format=\"text\" data-cell-column=\"3\" data-cell-row=\"7\" data-cell-count=\"20\" data-cell-value=\"MC4yNQ==\" data-cell-override=\"\" data-cell-locale=\"es-ES\" data-cell-symbol=\"\u20ac\" >0.25<\/td><\/tr><\/tbody><\/table><\/div><\/div><\/div><\/div><\/div><\/div><\/div><div class=\"vc-parent-row row-default\"><div class=\"vc_row wpb_row vc_row-fluid\"><div class=\"wpb_column vc_column_container vc_col-sm-12\"><div class=\"vc_column-inner \"><div class=\"wpb_wrapper\">\n\t<div class=\"wpb_raw_code wpb_content_element wpb_raw_html\" >\n\t\t<div class=\"wpb_wrapper\">\n\t\t\t<div style=\"height:80px;\"><\/div>\n\t\t<\/div>\n\t<\/div>\n<\/div><\/div><\/div><\/div><\/div>\n","protected":false},"excerpt":{"rendered":"N\u00baAsignaturaPrecio208DIAGNOSTICO EN EDUCACI\u00d3N -GRUPO 2 -GUI\u00d3N PROYECTO 2025-2026 -GUI\u00d3N INFORME TE\u00d3RICO 25-26 -BIBLIOGR\u00c1FICA ASIGNATURA - M\u00aa ROSARIO GIL0.30254PSICOLOG\u00cdA DE LA EDUCACI\u00d3N LECTURA GRUPO II- LA PSICOLOG\u00cdA COGNITIVA DEL APRENDIZAJE -MAR\u00cdA DEL MAR PRADOS , JAVIER ORTEGA - TODOS LOS GRUPOS1.50267PSICOLOG\u00cdA DE LA EDUCACI\u00d3N GRUPOS 1,2,3 - PRACTICA 2 COMUN0.40282PSICOLOG\u00cdA DE LA EDUCACI\u00d3N - TODOS LOS&hellip;","protected":false},"author":1,"featured_media":0,"parent":0,"menu_order":0,"comment_status":"closed","ping_status":"closed","template":"","meta":[],"acf":[],"_links":{"self":[{"href":"https:\/\/copiarte.es\/index.php?rest_route=\/wp\/v2\/pages\/6922"}],"collection":[{"href":"https:\/\/copiarte.es\/index.php?rest_route=\/wp\/v2\/pages"}],"about":[{"href":"https:\/\/copiarte.es\/index.php?rest_route=\/wp\/v2\/types\/page"}],"author":[{"embeddable":true,"href":"https:\/\/copiarte.es\/index.php?rest_route=\/wp\/v2\/users\/1"}],"replies":[{"embeddable":true,"href":"https:\/\/copiarte.es\/index.php?rest_route=%2Fwp%2Fv2%2Fcomments&post=6922"}],"version-history":[{"count":2,"href":"https:\/\/copiarte.es\/index.php?rest_route=\/wp\/v2\/pages\/6922\/revisions"}],"predecessor-version":[{"id":6924,"href":"https:\/\/copiarte.es\/index.php?rest_route=\/wp\/v2\/pages\/6922\/revisions\/6924"}],"wp:attachment":[{"href":"https:\/\/copiarte.es\/index.php?rest_route=%2Fwp%2Fv2%2Fmedia&parent=6922"}],"curies":[{"name":"wp","href":"https:\/\/api.w.org\/{rel}","templated":true}]}}