{"id":6958,"date":"2025-07-23T17:29:11","date_gmt":"2025-07-23T17:29:11","guid":{"rendered":"https:\/\/copiarte.es\/?page_id=6958"},"modified":"2025-07-23T17:29:33","modified_gmt":"2025-07-23T17:29:33","slug":"1-gcafd-25-26","status":"publish","type":"page","link":"https:\/\/copiarte.es\/?page_id=6958","title":{"rendered":"1 GCAFD 25-26"},"content":{"rendered":"<div class=\"vc-parent-row row-default\"><div class=\"vc_row wpb_row vc_row-fluid\"><div class=\"wpb_column vc_column_container vc_col-sm-12\"><div class=\"vc_column-inner \"><div class=\"wpb_wrapper\"><div id=\"ts-advanced-tables-container-7317720\" class=\"ts-advanced-tables-container ts-advanced-tables-processing    ts-datatables-container ts-datatables-theme-default\"><div id=\"ts-advanced-tables-wrapper-7317720\" class=\"ts-advanced-tables-wrapper\"><table id=\"ts-advanced-tables-datatable-7317720\" class=\"ts-advanced-tables-datatable  display responsive\" data-preloader=\"ts-advanced-tables-preloader-wrapper-7317720\" data-columns-html=\"\" data-columns-date=\"\" data-columns-time=\"\" data-columns-numeric=\"\" data-columns-currency=\"\" data-columns-percent=\"\" data-default-numeric=\"0,0.00\" data-default-currency=\"$0,0.00\" data-default-percent=\"0.00%\" data-default-date=\"MM-DD-YYYY\" data-default-time=\"HH:mm\" data-comment-date=\"MM-DD-YYYY\" data-comment-time=\"HH:mm\" data-format-savemeta=\"true\" data-format-source=\"metadata\" data-breakpoint-desktop=\"Infinity\" data-breakpoint-tabletl=\"1024\" data-breakpoint-tabletp=\"768\" data-breakpoint-mobilel=\"480\" data-breakpoint-mobilep=\"320\" data-responsive-type=\"ts-advanced-tables-none\" data-responsive-switch=\"640\" data-responsive-active=\"false\" data-responsive-heighttype=\"none\" data-responsive-heightpixel=\"800\" data-responsive-heightpercent=\"75\" data-datatable-use=\"true\" data-datatable-columns=\"3\" data-datatable-rows=\"5\" data-datatable-search=\"true\" data-datatable-info=\"true\" data-datatable-togglerow=\"false\" data-datatable-pages=\"false\" data-datatable-pagetype=\"simple_numbers\" data-datatable-pageselect=\"10\" data-datatable-length=\"10\" data-datatable-sort=\"false\" data-datatable-initial=\"1\" data-datatable-order=\"asc\" data-datatable-topfixed=\"false\" data-datatable-topoffset=\"0\" data-datatable-bottomfixed=\"false\" data-datatable-bottomoffset=\"0\" data-datatable-buttons=\"true\" data-datatable-printshow=\"true\" data-datatable-pdfshow=\"true\" data-datatable-csvshow=\"true\" data-datatable-excelshow=\"true\" data-datatable-copyshow=\"false\" data-datatable-printtext=\"Imprimir\" data-datatable-pdftext=\"PDF\" data-datatable-csvtext=\"CSV\" data-datatable-exceltext=\"Excel\" data-datatable-copytext=\"Copy\" data-datatable-textprocessing=\"Processing ...\" data-datatable-textlengthmenu=\"Show _MENU_ Entries\" data-datatable-textlengthall=\"All\" data-datatable-textinfomain=\"Showing _START_ to _END_ of _TOTAL_ Entries\" data-datatable-textinfoempty=\"No Entries To Show!\" data-datatable-textinfofiltered=\"- filtered from _MAX_ records.\" data-datatable-textsearch=\"Buscar:\" data-datatable-textplaceholder=\"Introduce asignatura\" data-datatable-textzerorecords=\"No Entries To Show!\" data-datatable-textfirst=\"First\" data-datatable-textprevious=\"Previous\" data-datatable-textnext=\"Next\" data-datatable-textlast=\"Last\" data-tablesaw-use=\"false\" data-footable-use=\"false\"><thead><tr><th class=\"control\" data-cell-scope=\"control\" data-priority=\"1\" data-orderable=\"false\" data-searchable=\"false\" style=\"display: none;\"><\/th><th  data-type=\"html\" data-cell-scope=\"col\" scope=\"col\" data-orderable=\"true\" data-searchable=\"true\"  class=\"ts-advanced-tables-cell ts-cell-horizontal-left ts-cell-vertical-middle ts-cell-background-cfcbcf            \"  data-cell-type=\"text\" data-cell-format=\"text\" data-cell-column=\"1\" data-cell-row=\"1\" data-cell-count=\"0\" data-cell-value=\"TsK6\" data-cell-override=\"\" data-cell-locale=\"es-ES\" data-cell-symbol=\"\u20ac\" >N\u00ba<\/th><th  data-type=\"html\" data-cell-scope=\"col\" scope=\"col\" data-orderable=\"true\" data-searchable=\"true\"  class=\"ts-advanced-tables-cell ts-cell-horizontal-left ts-cell-vertical-middle ts-cell-background-cfcbcf            \"  data-cell-type=\"text\" data-cell-format=\"text\" data-cell-column=\"2\" data-cell-row=\"1\" data-cell-count=\"1\" data-cell-value=\"QXNpZ25hdHVyYQ==\" data-cell-override=\"\" data-cell-locale=\"es-ES\" data-cell-symbol=\"\u20ac\" >Asignatura<\/th><th  data-type=\"html\" data-cell-scope=\"col\" scope=\"col\" data-orderable=\"true\" data-searchable=\"true\"  class=\"ts-advanced-tables-cell ts-cell-horizontal-left ts-cell-vertical-middle ts-cell-background-cfcbcf            \"  data-cell-type=\"text\" data-cell-format=\"text\" data-cell-column=\"3\" data-cell-row=\"1\" data-cell-count=\"2\" data-cell-value=\"UHJlY2lv\" data-cell-override=\"\" data-cell-locale=\"es-ES\" data-cell-symbol=\"\u20ac\" >Precio<\/th><\/tr><\/thead><tbody><tr><td style=\"display: none;\"><\/td><td   data-cell-scope=\"row\" data-cell-label=\"N\u00ba\" class=\"ts-advanced-tables-cell ts-cell-horizontal-left ts-cell-vertical-middle  \"  data-cell-type=\"text\" data-cell-format=\"text\" data-cell-column=\"1\" data-cell-row=\"2\" data-cell-count=\"3\" data-cell-value=\"OTA=\" data-cell-override=\"\" data-cell-locale=\"es-ES\" data-cell-symbol=\"\u20ac\" >90<\/td><td    data-cell-label=\"Asignatura\" class=\"ts-advanced-tables-cell ts-cell-horizontal-left ts-cell-vertical-middle  \"  data-cell-type=\"text\" data-cell-format=\"text\" data-cell-column=\"2\" data-cell-row=\"2\" data-cell-count=\"4\" data-cell-value=\"REVQT1JURSAxIEJBTE9NQU5PIEdSVVBPIE1Bw5FBTkEgWSBUQVJERVMtUEFUUklDSUEgU09TQQ==\" data-cell-override=\"\" data-cell-locale=\"es-ES\" data-cell-symbol=\"\u20ac\" >DEPORTE 1 BALOMANO GRUPO MA\u00d1ANA Y TARDES-PATRICIA SOSA<\/td><td    data-cell-label=\"Precio\" class=\"ts-advanced-tables-cell ts-cell-horizontal-left ts-cell-vertical-middle  \"  data-cell-type=\"text\" data-cell-format=\"text\" data-cell-column=\"3\" data-cell-row=\"2\" data-cell-count=\"5\" data-cell-value=\"NC42NQ==\" data-cell-override=\"\" data-cell-locale=\"es-ES\" data-cell-symbol=\"\u20ac\" >4.65<\/td><\/tr><tr><td style=\"display: none;\"><\/td><td   data-cell-scope=\"row\" data-cell-label=\"N\u00ba\" class=\"ts-advanced-tables-cell ts-cell-horizontal-left ts-cell-vertical-middle  \"  data-cell-type=\"text\" data-cell-format=\"text\" data-cell-column=\"1\" data-cell-row=\"3\" data-cell-count=\"6\" data-cell-value=\"\" data-cell-override=\"\" data-cell-locale=\"es-ES\" data-cell-symbol=\"\u20ac\" ><\/td><td    data-cell-label=\"Asignatura\" class=\"ts-advanced-tables-cell ts-cell-horizontal-left ts-cell-vertical-middle  \"  data-cell-type=\"text\" data-cell-format=\"text\" data-cell-column=\"2\" data-cell-row=\"3\" data-cell-count=\"7\" data-cell-value=\"\" data-cell-override=\"\" data-cell-locale=\"es-ES\" data-cell-symbol=\"\u20ac\" ><\/td><td    data-cell-label=\"Precio\" class=\"ts-advanced-tables-cell ts-cell-horizontal-left ts-cell-vertical-middle  \"  data-cell-type=\"text\" data-cell-format=\"text\" data-cell-column=\"3\" data-cell-row=\"3\" data-cell-count=\"8\" data-cell-value=\"\" data-cell-override=\"\" data-cell-locale=\"es-ES\" data-cell-symbol=\"\u20ac\" ><\/td><\/tr><tr><td style=\"display: none;\"><\/td><td   data-cell-scope=\"row\" data-cell-label=\"N\u00ba\" class=\"ts-advanced-tables-cell ts-cell-horizontal-left ts-cell-vertical-middle  \"  data-cell-type=\"text\" data-cell-format=\"text\" data-cell-column=\"1\" data-cell-row=\"4\" data-cell-count=\"9\" data-cell-value=\"\" data-cell-override=\"\" data-cell-locale=\"es-ES\" data-cell-symbol=\"\u20ac\" ><\/td><td    data-cell-label=\"Asignatura\" class=\"ts-advanced-tables-cell ts-cell-horizontal-left ts-cell-vertical-middle  \"  data-cell-type=\"text\" data-cell-format=\"text\" data-cell-column=\"2\" data-cell-row=\"4\" data-cell-count=\"10\" data-cell-value=\"\" data-cell-override=\"\" data-cell-locale=\"es-ES\" data-cell-symbol=\"\u20ac\" ><\/td><td    data-cell-label=\"Precio\" class=\"ts-advanced-tables-cell ts-cell-horizontal-left ts-cell-vertical-middle  \"  data-cell-type=\"text\" data-cell-format=\"text\" data-cell-column=\"3\" data-cell-row=\"4\" data-cell-count=\"11\" data-cell-value=\"\" data-cell-override=\"\" data-cell-locale=\"es-ES\" data-cell-symbol=\"\u20ac\" ><\/td><\/tr><tr><td style=\"display: none;\"><\/td><td   data-cell-scope=\"row\" data-cell-label=\"N\u00ba\" class=\"ts-advanced-tables-cell ts-cell-horizontal-left ts-cell-vertical-middle  \"  data-cell-type=\"text\" data-cell-format=\"text\" data-cell-column=\"1\" data-cell-row=\"5\" data-cell-count=\"12\" data-cell-value=\"MjA2\" data-cell-override=\"\" data-cell-locale=\"es-ES\" data-cell-symbol=\"\u20ac\" >206<\/td><td    data-cell-label=\"Asignatura\" class=\"ts-advanced-tables-cell ts-cell-horizontal-left ts-cell-vertical-middle  \"  data-cell-type=\"text\" data-cell-format=\"text\" data-cell-column=\"2\" data-cell-row=\"5\" data-cell-count=\"13\" data-cell-value=\"RlVOREFNRU5UT1MgVEXDk1JJQ09TIEUgSElTVMOTUklDT1MgREUgTEEgQUNUSVZJREFEIEbDjVNJQ0EgWSBFTCBERVBPUlRFIC0gR09OWkFMTyBSQU1JUkVaIE1BQ0lBUw==\" data-cell-override=\"\" data-cell-locale=\"es-ES\" data-cell-symbol=\"\u20ac\" >FUNDAMENTOS TE\u00d3RICOS E HIST\u00d3RICOS DE LA ACTIVIDAD F\u00cdSICA Y EL DEPORTE - GONZALO RAMIREZ MACIAS<\/td><td    data-cell-label=\"Precio\" class=\"ts-advanced-tables-cell ts-cell-horizontal-left ts-cell-vertical-middle  \"  data-cell-type=\"text\" data-cell-format=\"text\" data-cell-column=\"3\" data-cell-row=\"5\" data-cell-count=\"14\" data-cell-value=\"My4zMA==\" data-cell-override=\"\" data-cell-locale=\"es-ES\" data-cell-symbol=\"\u20ac\" >3.30<\/td><\/tr><\/tbody><\/table><\/div><\/div><\/div><\/div><\/div><\/div><\/div><div class=\"vc-parent-row row-default\"><div class=\"vc_row wpb_row vc_row-fluid\"><div class=\"wpb_column vc_column_container vc_col-sm-12\"><div class=\"vc_column-inner \"><div class=\"wpb_wrapper\">\n\t<div class=\"wpb_raw_code wpb_content_element wpb_raw_html\" >\n\t\t<div class=\"wpb_wrapper\">\n\t\t\t<div style=\"height:80px;\"><\/div>\n\t\t<\/div>\n\t<\/div>\n<\/div><\/div><\/div><\/div><\/div>\n","protected":false},"excerpt":{"rendered":"N\u00baAsignaturaPrecio90DEPORTE 1 BALOMANO GRUPO MA\u00d1ANA Y TARDES-PATRICIA SOSA4.65206FUNDAMENTOS TE\u00d3RICOS E HIST\u00d3RICOS DE LA ACTIVIDAD F\u00cdSICA Y EL DEPORTE - GONZALO RAMIREZ MACIAS3.30","protected":false},"author":1,"featured_media":0,"parent":0,"menu_order":0,"comment_status":"closed","ping_status":"closed","template":"","meta":[],"acf":[],"_links":{"self":[{"href":"https:\/\/copiarte.es\/index.php?rest_route=\/wp\/v2\/pages\/6958"}],"collection":[{"href":"https:\/\/copiarte.es\/index.php?rest_route=\/wp\/v2\/pages"}],"about":[{"href":"https:\/\/copiarte.es\/index.php?rest_route=\/wp\/v2\/types\/page"}],"author":[{"embeddable":true,"href":"https:\/\/copiarte.es\/index.php?rest_route=\/wp\/v2\/users\/1"}],"replies":[{"embeddable":true,"href":"https:\/\/copiarte.es\/index.php?rest_route=%2Fwp%2Fv2%2Fcomments&post=6958"}],"version-history":[{"count":2,"href":"https:\/\/copiarte.es\/index.php?rest_route=\/wp\/v2\/pages\/6958\/revisions"}],"predecessor-version":[{"id":6960,"href":"https:\/\/copiarte.es\/index.php?rest_route=\/wp\/v2\/pages\/6958\/revisions\/6960"}],"wp:attachment":[{"href":"https:\/\/copiarte.es\/index.php?rest_route=%2Fwp%2Fv2%2Fmedia&parent=6958"}],"curies":[{"name":"wp","href":"https:\/\/api.w.org\/{rel}","templated":true}]}}